{"id":886,"date":"2018-02-06T16:51:24","date_gmt":"2018-02-06T16:51:24","guid":{"rendered":"https:\/\/nuyttentranslations.com\/website-disclaimer\/"},"modified":"2018-03-22T16:42:05","modified_gmt":"2018-03-22T16:42:05","slug":"descargo-de-responsabilidad","status":"publish","type":"page","link":"https:\/\/nuyttentranslations.com\/es\/descargo-de-responsabilidad\/","title":{"rendered":"Descargo de responsabilidad"},"content":{"rendered":"<div class=\"wpb-content-wrapper\"><p>[vc_row][vc_column][vc_empty_space height=\u00bb60px\u00bb alter_height=\u00bbnone\u00bb hide_on_desktop=\u00bb\u00bb hide_on_notebook=\u00bb\u00bb hide_on_tablet=\u00bb\u00bb hide_on_mobile=\u00bb\u00bb][vc_column_text]La informaci\u00f3n contenida en este sitio web ha sido proporcionada por NUYTTEN LEGAL TRANSLATIONS por motivos exclusivamente informativos. A pesar de que NUYTTEN LEGAL TRANSLATIONS se esfuerce por mantener la informaci\u00f3n actualizada y correcta, no asume ninguna responsabilidad o garant\u00eda expresa o impl\u00edcita sobre la integridad, exactitud, fiabilidad, idoneidad o disponibilidad relativa al sitio web o la informaci\u00f3n, productos, servicios o gr\u00e1ficos relacionados presentes en la p\u00e1gina web para cualquier prop\u00f3sito. Por lo tanto, cualquier confianza que usted deposite en dicha informaci\u00f3n ser\u00e1 estrictamente a su propio riesgo.<\/p>\n<p>En ning\u00fan caso, NUYTTEN LEGAL TRANSLATIONS ser\u00e1 responsable de cualquier p\u00e9rdida y da\u00f1o, incluyendo, entre otros, p\u00e9rdidas o da\u00f1os indirectos o consecuentes o cualquier p\u00e9rdida o da\u00f1o resultante de p\u00e9rdidas de datos o beneficios resultantes o relativos al uso de este sitio web.<\/p>\n<p>A trav\u00e9s de este sitio web, usted podr\u00e1 acceder a otros sitios web que no se encuentran bajo el control de NUYTTEN LEGAL TRANSLATIONS.<\/p>\n<p>NUYTTEN LEGAL TRANSLATIONS no tiene ning\u00fan control sobre la naturaleza, el contenido y la disponibilidad de dichos sitios web. La inclusi\u00f3n de cualquier enlace no implica de manera necesaria una recomendaci\u00f3n o aprobaci\u00f3n de las opiniones expresadas en los mismos.<\/p>\n<p>Hacemos todo lo posible por mantener el sitio web operativo y en buen funcionamiento. No obstante, NUYTTEN LEGAL TRANSLATIONS no asume ninguna responsabilidad y no podr\u00e1 ser responsable si el sitio web se encuentra temporalmente indisponible por motivos t\u00e9cnicos que se encuentran fuera de su control.<br \/>\nSi alguna disposici\u00f3n de este descargo de responsabilidad es o resulta ser inv\u00e1lida bajo la ley aplicable, esto no afectar\u00e1 a la aplicabilidad de las dem\u00e1s disposiciones del descargo de responsabilidad de este sitio web.[\/vc_column_text][vc_empty_space height=\u00bb60px\u00bb alter_height=\u00bbnone\u00bb hide_on_desktop=\u00bb\u00bb hide_on_notebook=\u00bb\u00bb hide_on_tablet=\u00bb\u00bb hide_on_mobile=\u00bb\u00bb][\/vc_column][\/vc_row]<\/p>\n<\/div>","protected":false},"excerpt":{"rendered":"<p>[vc_row][vc_column][vc_empty_space height=\u00bb60px\u00bb alter_height=\u00bbnone\u00bb hide_on_desktop=\u00bb\u00bb hide_on_notebook=\u00bb\u00bb hide_on_tablet=\u00bb\u00bb hide_on_mobile=\u00bb\u00bb][vc_column_text]La informaci\u00f3n contenida en este sitio web ha sido proporcionada por NUYTTEN LEGAL TRANSLATIONS por motivos exclusivamente informativos. A pesar de que NUYTTEN LEGAL TRANSLATIONS se esfuerce por mantener la informaci\u00f3n actualizada y&hellip;<\/p>\n","protected":false},"author":1,"featured_media":0,"parent":0,"menu_order":0,"comment_status":"closed","ping_status":"closed","template":"","meta":{"footnotes":""},"class_list":["post-886","page","type-page","status-publish","hentry"],"yoast_head":"<!-- This site is optimized with the Yoast SEO Premium plugin v27.4 (Yoast SEO v27.4) - https:\/\/yoast.com\/product\/yoast-seo-premium-wordpress\/ -->\n<title>Descargo de responsabilidad - Nuytten Legal Translations<\/title>\n<meta name=\"robots\" content=\"index, follow, max-snippet:-1, max-image-preview:large, max-video-preview:-1\" \/>\n<link rel=\"canonical\" href=\"https:\/\/nuyttentranslations.com\/es\/descargo-de-responsabilidad\/\" \/>\n<meta property=\"og:locale\" content=\"es_ES\" \/>\n<meta property=\"og:type\" content=\"article\" \/>\n<meta property=\"og:title\" content=\"Descargo de responsabilidad\" \/>\n<meta property=\"og:description\" content=\"[vc_row][vc_column][vc_empty_space height=\u00bb60px\u00bb alter_height=\u00bbnone\u00bb hide_on_desktop=\u00bb\u00bb hide_on_notebook=\u00bb\u00bb hide_on_tablet=\u00bb\u00bb hide_on_mobile=\u00bb\u00bb][vc_column_text]La informaci\u00f3n contenida en este sitio web ha sido proporcionada por NUYTTEN LEGAL TRANSLATIONS por motivos exclusivamente informativos. A pesar de que NUYTTEN LEGAL TRANSLATIONS se esfuerce por mantener la informaci\u00f3n actualizada y&hellip;\" \/>\n<meta property=\"og:url\" content=\"https:\/\/nuyttentranslations.com\/es\/descargo-de-responsabilidad\/\" \/>\n<meta property=\"og:site_name\" content=\"Nuytten Legal Translations\" \/>\n<meta property=\"article:modified_time\" content=\"2018-03-22T16:42:05+00:00\" \/>\n<meta property=\"og:image\" content=\"https:\/\/nuyttentranslations.com\/wp-content\/uploads\/2026\/04\/nuyttenttranslations_logo.webp\" \/>\n\t<meta property=\"og:image:width\" content=\"1007\" \/>\n\t<meta property=\"og:image:height\" content=\"598\" \/>\n\t<meta property=\"og:image:type\" content=\"image\/webp\" \/>\n<meta name=\"twitter:card\" content=\"summary_large_image\" \/>\n<meta name=\"twitter:label1\" content=\"Tiempo de lectura\" \/>\n\t<meta name=\"twitter:data1\" content=\"2 minutos\" \/>\n<script type=\"application\/ld+json\" class=\"yoast-schema-graph\">{\"@context\":\"https:\\\/\\\/schema.org\",\"@graph\":[{\"@type\":\"WebPage\",\"@id\":\"https:\\\/\\\/nuyttentranslations.com\\\/es\\\/descargo-de-responsabilidad\\\/\",\"url\":\"https:\\\/\\\/nuyttentranslations.com\\\/es\\\/descargo-de-responsabilidad\\\/\",\"name\":\"Descargo de responsabilidad - Nuytten Legal Translations\",\"isPartOf\":{\"@id\":\"https:\\\/\\\/nuyttentranslations.com\\\/#website\"},\"datePublished\":\"2018-02-06T16:51:24+00:00\",\"dateModified\":\"2018-03-22T16:42:05+00:00\",\"breadcrumb\":{\"@id\":\"https:\\\/\\\/nuyttentranslations.com\\\/es\\\/descargo-de-responsabilidad\\\/#breadcrumb\"},\"inLanguage\":\"es\",\"potentialAction\":[{\"@type\":\"ReadAction\",\"target\":[\"https:\\\/\\\/nuyttentranslations.com\\\/es\\\/descargo-de-responsabilidad\\\/\"]}]},{\"@type\":\"BreadcrumbList\",\"@id\":\"https:\\\/\\\/nuyttentranslations.com\\\/es\\\/descargo-de-responsabilidad\\\/#breadcrumb\",\"itemListElement\":[{\"@type\":\"ListItem\",\"position\":1,\"name\":\"Home\",\"item\":\"https:\\\/\\\/nuyttentranslations.com\\\/es\\\/\"},{\"@type\":\"ListItem\",\"position\":2,\"name\":\"Descargo de responsabilidad\"}]},{\"@type\":\"WebSite\",\"@id\":\"https:\\\/\\\/nuyttentranslations.com\\\/#website\",\"url\":\"https:\\\/\\\/nuyttentranslations.com\\\/\",\"name\":\"Nuytten Legal Translations\",\"description\":\"\",\"publisher\":{\"@id\":\"https:\\\/\\\/nuyttentranslations.com\\\/#organization\"},\"potentialAction\":[{\"@type\":\"SearchAction\",\"target\":{\"@type\":\"EntryPoint\",\"urlTemplate\":\"https:\\\/\\\/nuyttentranslations.com\\\/?s={search_term_string}\"},\"query-input\":{\"@type\":\"PropertyValueSpecification\",\"valueRequired\":true,\"valueName\":\"search_term_string\"}}],\"inLanguage\":\"es\"},{\"@type\":\"Organization\",\"@id\":\"https:\\\/\\\/nuyttentranslations.com\\\/#organization\",\"name\":\"Nuytten Legal Translations\",\"url\":\"https:\\\/\\\/nuyttentranslations.com\\\/\",\"logo\":{\"@type\":\"ImageObject\",\"inLanguage\":\"es\",\"@id\":\"https:\\\/\\\/nuyttentranslations.com\\\/#\\\/schema\\\/logo\\\/image\\\/\",\"url\":\"https:\\\/\\\/nuyttentranslations.com\\\/wp-content\\\/uploads\\\/2017\\\/08\\\/jn-logo-dark330-1.png\",\"contentUrl\":\"https:\\\/\\\/nuyttentranslations.com\\\/wp-content\\\/uploads\\\/2017\\\/08\\\/jn-logo-dark330-1.png\",\"width\":330,\"height\":196,\"caption\":\"Nuytten Legal Translations\"},\"image\":{\"@id\":\"https:\\\/\\\/nuyttentranslations.com\\\/#\\\/schema\\\/logo\\\/image\\\/\"},\"sameAs\":[\"https:\\\/\\\/www.linkedin.com\\\/in\\\/jokefjnuytten\\\/\"],\"description\":\"Sworn Legal Translator NL-FR-ES-EN | Helping Expats, Notaries & Law Firms with Certified Translations of Legal & Official Documents during European Business Hours\",\"email\":\"info@nuyttentranslations.com\",\"telephone\":\"+32474896732\",\"legalName\":\"Nuytten Legal Translations\"}]}<\/script>\n<!-- \/ Yoast SEO Premium plugin. -->","yoast_head_json":{"title":"Descargo de responsabilidad - Nuytten Legal Translations","robots":{"index":"index","follow":"follow","max-snippet":"max-snippet:-1","max-image-preview":"max-image-preview:large","max-video-preview":"max-video-preview:-1"},"canonical":"https:\/\/nuyttentranslations.com\/es\/descargo-de-responsabilidad\/","og_locale":"es_ES","og_type":"article","og_title":"Descargo de responsabilidad","og_description":"[vc_row][vc_column][vc_empty_space height=\u00bb60px\u00bb alter_height=\u00bbnone\u00bb hide_on_desktop=\u00bb\u00bb hide_on_notebook=\u00bb\u00bb hide_on_tablet=\u00bb\u00bb hide_on_mobile=\u00bb\u00bb][vc_column_text]La informaci\u00f3n contenida en este sitio web ha sido proporcionada por NUYTTEN LEGAL TRANSLATIONS por motivos exclusivamente informativos. A pesar de que NUYTTEN LEGAL TRANSLATIONS se esfuerce por mantener la informaci\u00f3n actualizada y&hellip;","og_url":"https:\/\/nuyttentranslations.com\/es\/descargo-de-responsabilidad\/","og_site_name":"Nuytten Legal Translations","article_modified_time":"2018-03-22T16:42:05+00:00","og_image":[{"width":1007,"height":598,"url":"https:\/\/nuyttentranslations.com\/wp-content\/uploads\/2026\/04\/nuyttenttranslations_logo.webp","type":"image\/webp"}],"twitter_card":"summary_large_image","twitter_misc":{"Tiempo de lectura":"2 minutos"},"schema":{"@context":"https:\/\/schema.org","@graph":[{"@type":"WebPage","@id":"https:\/\/nuyttentranslations.com\/es\/descargo-de-responsabilidad\/","url":"https:\/\/nuyttentranslations.com\/es\/descargo-de-responsabilidad\/","name":"Descargo de responsabilidad - Nuytten Legal Translations","isPartOf":{"@id":"https:\/\/nuyttentranslations.com\/#website"},"datePublished":"2018-02-06T16:51:24+00:00","dateModified":"2018-03-22T16:42:05+00:00","breadcrumb":{"@id":"https:\/\/nuyttentranslations.com\/es\/descargo-de-responsabilidad\/#breadcrumb"},"inLanguage":"es","potentialAction":[{"@type":"ReadAction","target":["https:\/\/nuyttentranslations.com\/es\/descargo-de-responsabilidad\/"]}]},{"@type":"BreadcrumbList","@id":"https:\/\/nuyttentranslations.com\/es\/descargo-de-responsabilidad\/#breadcrumb","itemListElement":[{"@type":"ListItem","position":1,"name":"Home","item":"https:\/\/nuyttentranslations.com\/es\/"},{"@type":"ListItem","position":2,"name":"Descargo de responsabilidad"}]},{"@type":"WebSite","@id":"https:\/\/nuyttentranslations.com\/#website","url":"https:\/\/nuyttentranslations.com\/","name":"Nuytten Legal Translations","description":"","publisher":{"@id":"https:\/\/nuyttentranslations.com\/#organization"},"potentialAction":[{"@type":"SearchAction","target":{"@type":"EntryPoint","urlTemplate":"https:\/\/nuyttentranslations.com\/?s={search_term_string}"},"query-input":{"@type":"PropertyValueSpecification","valueRequired":true,"valueName":"search_term_string"}}],"inLanguage":"es"},{"@type":"Organization","@id":"https:\/\/nuyttentranslations.com\/#organization","name":"Nuytten Legal Translations","url":"https:\/\/nuyttentranslations.com\/","logo":{"@type":"ImageObject","inLanguage":"es","@id":"https:\/\/nuyttentranslations.com\/#\/schema\/logo\/image\/","url":"https:\/\/nuyttentranslations.com\/wp-content\/uploads\/2017\/08\/jn-logo-dark330-1.png","contentUrl":"https:\/\/nuyttentranslations.com\/wp-content\/uploads\/2017\/08\/jn-logo-dark330-1.png","width":330,"height":196,"caption":"Nuytten Legal Translations"},"image":{"@id":"https:\/\/nuyttentranslations.com\/#\/schema\/logo\/image\/"},"sameAs":["https:\/\/www.linkedin.com\/in\/jokefjnuytten\/"],"description":"Sworn Legal Translator NL-FR-ES-EN | Helping Expats, Notaries & Law Firms with Certified Translations of Legal & Official Documents during European Business Hours","email":"info@nuyttentranslations.com","telephone":"+32474896732","legalName":"Nuytten Legal Translations"}]}},"jetpack_sharing_enabled":true,"_links":{"self":[{"href":"https:\/\/nuyttentranslations.com\/es\/wp-json\/wp\/v2\/pages\/886","targetHints":{"allow":["GET"]}}],"collection":[{"href":"https:\/\/nuyttentranslations.com\/es\/wp-json\/wp\/v2\/pages"}],"about":[{"href":"https:\/\/nuyttentranslations.com\/es\/wp-json\/wp\/v2\/types\/page"}],"author":[{"embeddable":true,"href":"https:\/\/nuyttentranslations.com\/es\/wp-json\/wp\/v2\/users\/1"}],"replies":[{"embeddable":true,"href":"https:\/\/nuyttentranslations.com\/es\/wp-json\/wp\/v2\/comments?post=886"}],"version-history":[{"count":2,"href":"https:\/\/nuyttentranslations.com\/es\/wp-json\/wp\/v2\/pages\/886\/revisions"}],"predecessor-version":[{"id":1039,"href":"https:\/\/nuyttentranslations.com\/es\/wp-json\/wp\/v2\/pages\/886\/revisions\/1039"}],"wp:attachment":[{"href":"https:\/\/nuyttentranslations.com\/es\/wp-json\/wp\/v2\/media?parent=886"}],"curies":[{"name":"wp","href":"https:\/\/api.w.org\/{rel}","templated":true}]}}