{"id":867,"date":"2017-09-06T13:49:27","date_gmt":"2017-09-06T13:49:27","guid":{"rendered":"https:\/\/nuyttentranslations.com\/home-2\/"},"modified":"2025-12-17T09:58:41","modified_gmt":"2025-12-17T09:58:41","slug":"home-2","status":"publish","type":"page","link":"https:\/\/nuyttentranslations.com\/fr\/","title":{"rendered":"Accueil"},"content":{"rendered":"<div class=\"wpb-content-wrapper\"><p>[vc_row full_width=\u00a0\u00bbstretch_row_content_no_spaces\u00a0\u00bb][vc_column][rev_slider_vc alias=\u00a0\u00bbhome-fr\u00a0\u00bb][\/vc_column][\/vc_row][vc_row full_width=\u00a0\u00bbstretch_row_content\u00a0\u00bb scheme=\u00a0\u00bbdefault\u00a0\u00bb hide_bg_image_on_tablet=\u00a0\u00bb1&Prime; hide_bg_image_on_mobile=\u00a0\u00bb1&Prime; css=\u00a0\u00bb.vc_custom_1519220995523{background-image: url(https:\/\/nuyttentranslations.com\/wp-content\/uploads\/2017\/12\/bcg-1.jpg?id=801) !important;background-position: center !important;background-repeat: no-repeat !important;background-size: cover !important;}\u00a0\u00bb][vc_column scheme=\u00a0\u00bbdefault\u00a0\u00bb]<div \t\tclass=\"sc_layouts sc_layouts_default sc_layouts_906\"\n\t\tdata-delay=\"0\"\n\t\t>[vc_row full_width=\"stretch_row\" scheme=\"default\" hide_bg_image_on_tablet=\"\" hide_bg_image_on_mobile=\"\" row_delimiter=\"\" hide_on_desktop=\"\" hide_on_notebook=\"\" hide_on_tablet=\"\" hide_on_mobile=\"\" hide_on_frontpage=\"\" css=\".vc_custom_1519220739395{background-size: cover !important;}\"][vc_column width=\"2\/3\" scheme=\"default\" fix_column=\"\" hide_bg_image_on_tablet=\"\" hide_bg_image_on_mobile=\"\" icons_position=\"left\" offset=\"vc_col-md-6\" css=\".vc_custom_1517951618780{padding-right: 80px !important;padding-left: 80px !important;}\"][vc_empty_space alter_height=\"medium\" hide_on_desktop=\"\" hide_on_notebook=\"\" hide_on_tablet=\"\" hide_on_mobile=\"\" css=\".vc_custom_1517951118469{margin-top: 2.7rem !important;}\"]<div\t\tclass=\"sc_title color_style_default scheme_default sc_title_gsub\"><span class=\"sc_item_subtitle sc_title_subtitle sc_align_left sc_item_subtitle_above sc_item_title_style_gsub\">Nuytten Legal Translations vous souhaite la bienvenue. <\/span><h1 class=\"sc_item_title sc_title_title sc_align_left sc_item_title_style_gsub sc_item_title_tag\"\n\t\t\t><span class=\"sc_item_title_text\">En toute discr\u00e9tion, je vous propose mes services linguistiques de haute qualit\u00e9 pour tous vos documents en n\u00e9erlandais, fran\u00e7ais, anglais et espagnol.<\/span><\/h1><div class=\"sc_item_descr sc_title_descr sc_align_left\"><p>Travailler avec des documents juridiques inexacts peut avoir des r\u00e9percussions sur vos b\u00e9n\u00e9fices, votre r\u00e9putation et m\u00eame sur votre vie priv\u00e9e. Les traductions d\u2019excellence pr\u00e9viennent les risques que comporte la communication juridique internationale, toujours complexe.<\/p>\n<p>Mes services vous garantissent une confidentialit\u00e9 absolue et une fiabilit\u00e9 \u00e0 100%. Gr\u00e2ce \u00e0 mon exp\u00e9rience en entreprise, mes comp\u00e9tences linguistiques ainsi que mes r\u00e9f\u00e9rences en mati\u00e8re de traduction jur\u00e9e, je peux vous garantir que vos documents sont en de bonnes mains. N\u2019h\u00e9sitez plus, confiez vos documents \u00e0 une sp\u00e9cialiste du domaine !<\/p>\n<p>Je travaille avec des clients avertis qui attachent une grande importance \u00e0 la qualit\u00e9 et au professionnalisme. <a href=\"https:\/\/nuyttentranslations.com\/fr\/temoignages\">D\u00e9couvrez ce qu\u2019ils pensent de notre collaboration<\/a>.<\/p>\n<\/div><div\tclass=\"sc_item_button sc_button_wrap sc_align_left sc_item_button sc_item_button_default sc_item_button_size_normal sc_title_button\"><a href=\"https:\/\/nuyttentranslations.com\/fr\/contact\/\" class=\"sc_button color_style_default sc_button_default sc_button_size_normal sc_button_icon_left\"><span class=\"sc_button_text\"><span class=\"sc_button_title\">Contactez-moi pour une consultation <\/span><\/span><\/a><\/div><\/div>[vc_empty_space alter_height=\"medium\" hide_on_desktop=\"\" hide_on_notebook=\"\" hide_on_tablet=\"\" hide_on_mobile=\"\" css=\".vc_custom_1517951123698{margin-bottom: 4.2rem !important;}\"][\/vc_column][vc_column width=\"1\/2\" icons_position=\"left\"][\/vc_column][\/vc_row]<\/div>[\/vc_column][\/vc_row][vc_row full_width=\u00a0\u00bbstretch_row_content\u00a0\u00bb scheme=\u00a0\u00bbdefault\u00a0\u00bb hide_bg_image_on_tablet=\u00a0\u00bb1&Prime; hide_bg_image_on_mobile=\u00a0\u00bb1&Prime; css=\u00a0\u00bb.vc_custom_1519220977433{background-size: cover !important;}\u00a0\u00bb][vc_column scheme=\u00a0\u00bbdefault\u00a0\u00bb]<div \t\tclass=\"sc_layouts sc_layouts_default sc_layouts_909\"\n\t\tdata-delay=\"0\"\n\t\t>[vc_row hide_bg_image_on_tablet=\"\" hide_bg_image_on_mobile=\"\" css=\".vc_custom_1519220222219{background-color: #f7f7f7 !important;}\"][vc_column icons_position=\"left\"][vc_empty_space alter_height=\"medium\" hide_on_desktop=\"\" hide_on_notebook=\"\" hide_on_tablet=\"\" hide_on_mobile=\"\" css=\".vc_custom_1517951123698{margin-bottom: 4.2rem !important;}\"]<div \t\tclass=\"sc_testimonials color_style_default sc_testimonials_default\"><h2 class=\"sc_item_title sc_testimonials_title sc_align_center sc_item_title_style_default\"\n\t\t\t><span class=\"sc_item_title_text\">T\u00e9moignages<\/span><\/h2><div class=\"sc_testimonials_slider sc_item_slider slider_swiper_outer slider_outer slider_outer_controls slider_outer_controls_side slider_outer_nopagination slider_outer_nocentered slider_outer_overflow_hidden slider_outer_one\">\n\t<div class=\"slider_container swiper-slider-container slider_swiper slider_noresize slider_controls slider_controls_side slider_nopagination slider_nocentered slider_overflow_hidden slider_one\" data-effect=\"slide\" data-slides-min-width=\"290\" data-pagination=\"bullets\" data-direction=\"horizontal\" data-mouse-wheel=\"0\" data-autoplay=\"1\" data-loop=\"1\" data-free-mode=\"0\" data-slides-centered=\"0\" data-slides-overflow=\"0\">\n\t\t<div class=\"slides slider-wrapper swiper-wrapper sc_item_columns_1\"><div class=\"slider-slide swiper-slide\"><div class=\"sc_testimonials_item\">\n    \t<div class=\"sc_testimonials_item_content\"><p>\u00ab J&rsquo;ai particuli\u00e8rement appr\u00e9ci\u00e9 la collaboration avec Joke pour son attention particuli\u00e8re aux d\u00e9tails dans les traductions. Nous avons maintenu une bonne communication pendant les travaux et j&rsquo;ai appr\u00e9ci\u00e9 qu&rsquo;elle n&rsquo;h\u00e9site pas \u00e0 me recontacter pour v\u00e9rifier l&rsquo;exactitude de certains termes quand ils sont techniques. \u00bb<\/p>\n<\/div>\n\t<div class=\"sc_testimonials_item_author\">\n\t\t<div class=\"sc_testimonials_item_author_data\">\n\t\t\t<h4 class=\"sc_testimonials_item_author_title\">Sese Bomboko<\/h4>\n\t\t\t<div class=\"sc_testimonials_item_author_subtitle\">Cofondateur La Mini\u00e8re du Congo S.A.R.L.<\/div>\n\t\t<\/div>\n\t<\/div>\n<\/div>\n<\/div><div class=\"slider-slide swiper-slide\"><div class=\"sc_testimonials_item\">\n    \t<div class=\"sc_testimonials_item_content\"><p>\u00ab C&rsquo;est exactement ce que nous souhaitons. Du professionnalisme, d&rsquo;excellentes traductions conformes aux secteurs d&rsquo;activit\u00e9.<br \/>\nUne bonne communication et des d\u00e9lais respect\u00e9s. Adaptation aux documents informatiques. \u00bb<\/p>\n<\/div>\n\t<div class=\"sc_testimonials_item_author\">\n\t\t<div class=\"sc_testimonials_item_author_data\">\n\t\t\t<h4 class=\"sc_testimonials_item_author_title\">Philippe Mertens<\/h4>\n\t\t\t<div class=\"sc_testimonials_item_author_subtitle\">Cofondateur Aganeri www.aganeri.be<\/div>\n\t\t<\/div>\n\t<\/div>\n<\/div>\n<\/div><div class=\"slider-slide swiper-slide\"><div class=\"sc_testimonials_item\">\n    \t<div class=\"sc_testimonials_item_content\"><p>\u00ab Nous sommes tr\u00e8s satisfaits des services de Joke et appr\u00e9cions la qualit\u00e9 de son travail, tout autant que sa rapidit\u00e9 et son efficacit\u00e9.  C\u2019est un partenaire r\u00e9actif et disponible, qui sait s\u2019adapter \u00e0 nos contraintes \u00e9ditoriales. \u00bb<\/p>\n<\/div>\n\t<div class=\"sc_testimonials_item_author\">\n\t\t<div class=\"sc_testimonials_item_author_data\">\n\t\t\t<h4 class=\"sc_testimonials_item_author_title\">Nicolas Houyoux<\/h4>\n\t\t\t<div class=\"sc_testimonials_item_author_subtitle\">R\u00e9dacteur en chef \u00ab Le Journal de l\u2019Architecte \u00bb www.lejournaldelarchitecte.be<\/div>\n\t\t<\/div>\n\t<\/div>\n<\/div>\n<\/div><div class=\"slider-slide swiper-slide\"><div class=\"sc_testimonials_item\">\n    \t<div class=\"sc_testimonials_item_content\"><p>\u00ab Je tenais \u00e0 souligner la grande qualit\u00e9 professionnelle de Joke. Ses traductions parfaites sont r\u00e9alis\u00e9es \u00e0 temps et heure pour un prix extr\u00eamement comp\u00e9titif. Depuis quelques ann\u00e9es elle a pu m\u2018 aider dans diff\u00e9rentes parties de ma\u00a0vie professionnelle pour des traductions m\u00e9dicales, scientifiques, des articles, pour des documents de sant\u00e9 publique, pour des cv tant en fran\u00e7ais, anglais et n\u00e9erlandais \u00e0 qualit\u00e9 constante.\u00a0Elle est devenue mon dictionnaire de r\u00e9f\u00e9rence . \u00c0 recommander vivement\u00a0! \u00bb<\/p>\n<\/div>\n\t<div class=\"sc_testimonials_item_author\">\n\t\t<div class=\"sc_testimonials_item_author_data\">\n\t\t\t<h4 class=\"sc_testimonials_item_author_title\">Adeline Higuet<\/h4>\n\t\t\t<div class=\"sc_testimonials_item_author_subtitle\">M\u00e9decin d\u2019urgence, AZ Sint-Maria, Hal<\/div>\n\t\t<\/div>\n\t<\/div>\n<\/div>\n<\/div><div class=\"slider-slide swiper-slide\"><div class=\"sc_testimonials_item\">\n    \t<div class=\"sc_testimonials_item_content\"><p>\u201cWij werken reeds jaren in volle vertrouwen samen met Joke Nuytten. Haar dienstverlening is snel en kwalitatief hoogstaand. Ook haar gedrevenheid en klantvriendelijkheid weten wij ten zeerste te appreci\u00ebren.\u201c<\/p>\n<\/div>\n\t<div class=\"sc_testimonials_item_author\">\n\t\t<div class=\"sc_testimonials_item_author_data\">\n\t\t\t<h4 class=\"sc_testimonials_item_author_title\">Willem Muyshondt<\/h4>\n\t\t\t<div class=\"sc_testimonials_item_author_subtitle\">Notaire, Hal<\/div>\n\t\t<\/div>\n\t<\/div>\n<\/div>\n<\/div><div class=\"slider-slide swiper-slide\"><div class=\"sc_testimonials_item\">\n    \t<div class=\"sc_testimonials_item_content\"><p>\u00ab Nous avons eu le plaisir de travailler avec Joke dans le cadre de plusieurs dossiers et nous avons \u00e9t\u00e9, \u00e0 chaque fois, tr\u00e8s satisfaits de la ma\u00eetrise du langage juridique et du contact que nous avons eu avec Joke. Le professionnalisme dont elle fait preuve se mat\u00e9rialise \u00e9galement au niveau du respect des d\u00e9lais. Sans h\u00e9siter, nous recommandons le travail de Joke. \u00bb<\/p>\n<\/div>\n\t<div class=\"sc_testimonials_item_author\">\n\t\t<div class=\"sc_testimonials_item_author_data\">\n\t\t\t<h4 class=\"sc_testimonials_item_author_title\">Eric Pascal Rwamucyo<\/h4>\n\t\t\t<div class=\"sc_testimonials_item_author_subtitle\">Avocat, bureau d\u2019avocats Urban Law, Bruxelles et assistant-professeur, EFP, Bruxelles<\/div>\n\t\t<\/div>\n\t<\/div>\n<\/div>\n<\/div><div class=\"slider-slide swiper-slide\"><div class=\"sc_testimonials_item\">\n    \t<div class=\"sc_testimonials_item_content\"><p>\u201cJoke provides a fast and professional service! 100% reliable in all your translation needs.\u201c<\/p>\n<\/div>\n\t<div class=\"sc_testimonials_item_author\">\n\t\t<div class=\"sc_testimonials_item_author_data\">\n\t\t\t<h4 class=\"sc_testimonials_item_author_title\">Eric Garcia Macias<\/h4>\n\t\t\t<div class=\"sc_testimonials_item_author_subtitle\">Senior immigration consultant Benelux, Lex Documents, Bruxelles<\/div>\n\t\t<\/div>\n\t<\/div>\n<\/div>\n<\/div><div class=\"slider-slide swiper-slide\"><div class=\"sc_testimonials_item\">\n    \t<div class=\"sc_testimonials_item_content\"><p>\u201cJoke is everything you can expect from a translation service. She is fast and accurate. Keeps her promises 100% and is very easy to reach.\u201d<\/p>\n<\/div>\n\t<div class=\"sc_testimonials_item_author\">\n\t\t<div class=\"sc_testimonials_item_author_data\">\n\t\t\t<h4 class=\"sc_testimonials_item_author_title\">PieterJan Viaene<\/h4>\n\t\t\t<div class=\"sc_testimonials_item_author_subtitle\">Senior online marketeer, Adfundum agence publicitaire, Rumbeke<\/div>\n\t\t<\/div>\n\t<\/div>\n<\/div>\n<\/div><\/div><div class=\"slider_controls_wrap\"><a class=\"slider_prev swiper-button-prev\" href=\"#\" role=\"button\"><\/a><a class=\"slider_next swiper-button-next\" href=\"#\" role=\"button\"><\/a><\/div><\/div><\/div><\/div>[vc_empty_space alter_height=\"medium\" hide_on_desktop=\"\" hide_on_notebook=\"\" hide_on_tablet=\"\" hide_on_mobile=\"\" css=\".vc_custom_1517951118469{margin-top: 2.7rem !important;}\"][\/vc_column][\/vc_row]<\/div>[\/vc_column][\/vc_row]<\/p>\n<\/div>","protected":false},"excerpt":{"rendered":"<p>[vc_row full_width=\u00a0\u00bbstretch_row_content_no_spaces\u00a0\u00bb][vc_column][rev_slider_vc alias=\u00a0\u00bbhome-fr\u00a0\u00bb][\/vc_column][\/vc_row][vc_row full_width=\u00a0\u00bbstretch_row_content\u00a0\u00bb scheme=\u00a0\u00bbdefault\u00a0\u00bb hide_bg_image_on_tablet=\u00a0\u00bb1&Prime; hide_bg_image_on_mobile=\u00a0\u00bb1&Prime; css=\u00a0\u00bb.vc_custom_1519220995523{background-image: url(https:\/\/nuyttentranslations.com\/wp-content\/uploads\/2017\/12\/bcg-1.jpg?id=801) !important;background-position: center !important;background-repeat: no-repeat !important;background-size: cover !important;}\u00a0\u00bb][vc_column scheme=\u00a0\u00bbdefault\u00a0\u00bb][\/vc_column][\/vc_row][vc_row full_width=\u00a0\u00bbstretch_row_content\u00a0\u00bb scheme=\u00a0\u00bbdefault\u00a0\u00bb hide_bg_image_on_tablet=\u00a0\u00bb1&Prime; hide_bg_image_on_mobile=\u00a0\u00bb1&Prime; css=\u00a0\u00bb.vc_custom_1519220977433{background-size: cover !important;}\u00a0\u00bb][vc_column scheme=\u00a0\u00bbdefault\u00a0\u00bb][\/vc_column][\/vc_row]<\/p>\n","protected":false},"author":1,"featured_media":0,"parent":0,"menu_order":0,"comment_status":"closed","ping_status":"closed","template":"","meta":{"footnotes":""},"class_list":["post-867","page","type-page","status-publish","hentry"],"yoast_head":"<!-- This site is optimized with the Yoast SEO Premium plugin v27.4 (Yoast SEO v27.4) - https:\/\/yoast.com\/product\/yoast-seo-premium-wordpress\/ -->\n<title>Accueil - Nuytten Legal Translations<\/title>\n<meta name=\"robots\" content=\"index, follow, max-snippet:-1, max-image-preview:large, max-video-preview:-1\" \/>\n<link rel=\"canonical\" href=\"https:\/\/nuyttentranslations.com\/fr\/\" \/>\n<meta property=\"og:locale\" content=\"fr_FR\" \/>\n<meta property=\"og:type\" content=\"article\" \/>\n<meta property=\"og:title\" content=\"Accueil\" \/>\n<meta property=\"og:description\" content=\"[vc_row full_width=\u00a0\u00bbstretch_row_content_no_spaces\u00a0\u00bb][vc_column][rev_slider_vc alias=\u00a0\u00bbhome-fr\u00a0\u00bb][\/vc_column][\/vc_row][vc_row full_width=\u00a0\u00bbstretch_row_content\u00a0\u00bb scheme=\u00a0\u00bbdefault\u00a0\u00bb hide_bg_image_on_tablet=\u00a0\u00bb1&Prime; hide_bg_image_on_mobile=\u00a0\u00bb1&Prime; css=\u00a0\u00bb.vc_custom_1519220995523{background-image: url(https:\/\/nuyttentranslations.com\/wp-content\/uploads\/2017\/12\/bcg-1.jpg?id=801) !important;background-position: center !important;background-repeat: no-repeat !important;background-size: cover !important;}\u00a0\u00bb][vc_column scheme=\u00a0\u00bbdefault\u00a0\u00bb][\/vc_column][\/vc_row][vc_row full_width=\u00a0\u00bbstretch_row_content\u00a0\u00bb scheme=\u00a0\u00bbdefault\u00a0\u00bb hide_bg_image_on_tablet=\u00a0\u00bb1&Prime; hide_bg_image_on_mobile=\u00a0\u00bb1&Prime; css=\u00a0\u00bb.vc_custom_1519220977433{background-size: cover !important;}\u00a0\u00bb][vc_column scheme=\u00a0\u00bbdefault\u00a0\u00bb][\/vc_column][\/vc_row]\" \/>\n<meta property=\"og:url\" content=\"https:\/\/nuyttentranslations.com\/fr\/\" \/>\n<meta property=\"og:site_name\" content=\"Nuytten Legal Translations\" \/>\n<meta property=\"article:modified_time\" content=\"2025-12-17T09:58:41+00:00\" \/>\n<meta property=\"og:image\" content=\"https:\/\/nuyttentranslations.com\/wp-content\/uploads\/2026\/04\/nuyttenttranslations_logo.webp\" \/>\n\t<meta property=\"og:image:width\" content=\"1007\" \/>\n\t<meta property=\"og:image:height\" content=\"598\" \/>\n\t<meta property=\"og:image:type\" content=\"image\/webp\" \/>\n<meta name=\"twitter:card\" content=\"summary_large_image\" \/>\n<meta name=\"twitter:label1\" content=\"Dur\u00e9e de lecture estim\u00e9e\" \/>\n\t<meta name=\"twitter:data1\" content=\"1 minute\" \/>\n<script type=\"application\/ld+json\" class=\"yoast-schema-graph\">{\"@context\":\"https:\\\/\\\/schema.org\",\"@graph\":[{\"@type\":\"WebPage\",\"@id\":\"https:\\\/\\\/nuyttentranslations.com\\\/fr\\\/\",\"url\":\"https:\\\/\\\/nuyttentranslations.com\\\/fr\\\/\",\"name\":\"Accueil - Nuytten Legal Translations\",\"isPartOf\":{\"@id\":\"https:\\\/\\\/nuyttentranslations.com\\\/#website\"},\"datePublished\":\"2017-09-06T13:49:27+00:00\",\"dateModified\":\"2025-12-17T09:58:41+00:00\",\"breadcrumb\":{\"@id\":\"https:\\\/\\\/nuyttentranslations.com\\\/fr\\\/#breadcrumb\"},\"inLanguage\":\"fr-FR\",\"potentialAction\":[{\"@type\":\"ReadAction\",\"target\":[\"https:\\\/\\\/nuyttentranslations.com\\\/fr\\\/\"]}]},{\"@type\":\"BreadcrumbList\",\"@id\":\"https:\\\/\\\/nuyttentranslations.com\\\/fr\\\/#breadcrumb\",\"itemListElement\":[{\"@type\":\"ListItem\",\"position\":1,\"name\":\"Home\",\"item\":\"https:\\\/\\\/nuyttentranslations.com\\\/fr\\\/\"},{\"@type\":\"ListItem\",\"position\":2,\"name\":\"Accueil\"}]},{\"@type\":\"WebSite\",\"@id\":\"https:\\\/\\\/nuyttentranslations.com\\\/#website\",\"url\":\"https:\\\/\\\/nuyttentranslations.com\\\/\",\"name\":\"Nuytten Legal Translations\",\"description\":\"\",\"publisher\":{\"@id\":\"https:\\\/\\\/nuyttentranslations.com\\\/#organization\"},\"potentialAction\":[{\"@type\":\"SearchAction\",\"target\":{\"@type\":\"EntryPoint\",\"urlTemplate\":\"https:\\\/\\\/nuyttentranslations.com\\\/?s={search_term_string}\"},\"query-input\":{\"@type\":\"PropertyValueSpecification\",\"valueRequired\":true,\"valueName\":\"search_term_string\"}}],\"inLanguage\":\"fr-FR\"},{\"@type\":\"Organization\",\"@id\":\"https:\\\/\\\/nuyttentranslations.com\\\/#organization\",\"name\":\"Nuytten Legal Translations\",\"url\":\"https:\\\/\\\/nuyttentranslations.com\\\/\",\"logo\":{\"@type\":\"ImageObject\",\"inLanguage\":\"fr-FR\",\"@id\":\"https:\\\/\\\/nuyttentranslations.com\\\/#\\\/schema\\\/logo\\\/image\\\/\",\"url\":\"https:\\\/\\\/nuyttentranslations.com\\\/wp-content\\\/uploads\\\/2017\\\/08\\\/jn-logo-dark330-1.png\",\"contentUrl\":\"https:\\\/\\\/nuyttentranslations.com\\\/wp-content\\\/uploads\\\/2017\\\/08\\\/jn-logo-dark330-1.png\",\"width\":330,\"height\":196,\"caption\":\"Nuytten Legal Translations\"},\"image\":{\"@id\":\"https:\\\/\\\/nuyttentranslations.com\\\/#\\\/schema\\\/logo\\\/image\\\/\"},\"sameAs\":[\"https:\\\/\\\/www.linkedin.com\\\/in\\\/jokefjnuytten\\\/\"],\"description\":\"Sworn Legal Translator NL-FR-ES-EN | Helping Expats, Notaries & Law Firms with Certified Translations of Legal & Official Documents during European Business Hours\",\"email\":\"info@nuyttentranslations.com\",\"telephone\":\"+32474896732\",\"legalName\":\"Nuytten Legal Translations\"}]}<\/script>\n<!-- \/ Yoast SEO Premium plugin. -->","yoast_head_json":{"title":"Accueil - Nuytten Legal Translations","robots":{"index":"index","follow":"follow","max-snippet":"max-snippet:-1","max-image-preview":"max-image-preview:large","max-video-preview":"max-video-preview:-1"},"canonical":"https:\/\/nuyttentranslations.com\/fr\/","og_locale":"fr_FR","og_type":"article","og_title":"Accueil","og_description":"[vc_row full_width=\u00a0\u00bbstretch_row_content_no_spaces\u00a0\u00bb][vc_column][rev_slider_vc alias=\u00a0\u00bbhome-fr\u00a0\u00bb][\/vc_column][\/vc_row][vc_row full_width=\u00a0\u00bbstretch_row_content\u00a0\u00bb scheme=\u00a0\u00bbdefault\u00a0\u00bb hide_bg_image_on_tablet=\u00a0\u00bb1&Prime; hide_bg_image_on_mobile=\u00a0\u00bb1&Prime; css=\u00a0\u00bb.vc_custom_1519220995523{background-image: url(https:\/\/nuyttentranslations.com\/wp-content\/uploads\/2017\/12\/bcg-1.jpg?id=801) !important;background-position: center !important;background-repeat: no-repeat !important;background-size: cover !important;}\u00a0\u00bb][vc_column scheme=\u00a0\u00bbdefault\u00a0\u00bb][\/vc_column][\/vc_row][vc_row full_width=\u00a0\u00bbstretch_row_content\u00a0\u00bb scheme=\u00a0\u00bbdefault\u00a0\u00bb hide_bg_image_on_tablet=\u00a0\u00bb1&Prime; hide_bg_image_on_mobile=\u00a0\u00bb1&Prime; css=\u00a0\u00bb.vc_custom_1519220977433{background-size: cover !important;}\u00a0\u00bb][vc_column scheme=\u00a0\u00bbdefault\u00a0\u00bb][\/vc_column][\/vc_row]","og_url":"https:\/\/nuyttentranslations.com\/fr\/","og_site_name":"Nuytten Legal Translations","article_modified_time":"2025-12-17T09:58:41+00:00","og_image":[{"width":1007,"height":598,"url":"https:\/\/nuyttentranslations.com\/wp-content\/uploads\/2026\/04\/nuyttenttranslations_logo.webp","type":"image\/webp"}],"twitter_card":"summary_large_image","twitter_misc":{"Dur\u00e9e de lecture estim\u00e9e":"1 minute"},"schema":{"@context":"https:\/\/schema.org","@graph":[{"@type":"WebPage","@id":"https:\/\/nuyttentranslations.com\/fr\/","url":"https:\/\/nuyttentranslations.com\/fr\/","name":"Accueil - Nuytten Legal Translations","isPartOf":{"@id":"https:\/\/nuyttentranslations.com\/#website"},"datePublished":"2017-09-06T13:49:27+00:00","dateModified":"2025-12-17T09:58:41+00:00","breadcrumb":{"@id":"https:\/\/nuyttentranslations.com\/fr\/#breadcrumb"},"inLanguage":"fr-FR","potentialAction":[{"@type":"ReadAction","target":["https:\/\/nuyttentranslations.com\/fr\/"]}]},{"@type":"BreadcrumbList","@id":"https:\/\/nuyttentranslations.com\/fr\/#breadcrumb","itemListElement":[{"@type":"ListItem","position":1,"name":"Home","item":"https:\/\/nuyttentranslations.com\/fr\/"},{"@type":"ListItem","position":2,"name":"Accueil"}]},{"@type":"WebSite","@id":"https:\/\/nuyttentranslations.com\/#website","url":"https:\/\/nuyttentranslations.com\/","name":"Nuytten Legal Translations","description":"","publisher":{"@id":"https:\/\/nuyttentranslations.com\/#organization"},"potentialAction":[{"@type":"SearchAction","target":{"@type":"EntryPoint","urlTemplate":"https:\/\/nuyttentranslations.com\/?s={search_term_string}"},"query-input":{"@type":"PropertyValueSpecification","valueRequired":true,"valueName":"search_term_string"}}],"inLanguage":"fr-FR"},{"@type":"Organization","@id":"https:\/\/nuyttentranslations.com\/#organization","name":"Nuytten Legal Translations","url":"https:\/\/nuyttentranslations.com\/","logo":{"@type":"ImageObject","inLanguage":"fr-FR","@id":"https:\/\/nuyttentranslations.com\/#\/schema\/logo\/image\/","url":"https:\/\/nuyttentranslations.com\/wp-content\/uploads\/2017\/08\/jn-logo-dark330-1.png","contentUrl":"https:\/\/nuyttentranslations.com\/wp-content\/uploads\/2017\/08\/jn-logo-dark330-1.png","width":330,"height":196,"caption":"Nuytten Legal Translations"},"image":{"@id":"https:\/\/nuyttentranslations.com\/#\/schema\/logo\/image\/"},"sameAs":["https:\/\/www.linkedin.com\/in\/jokefjnuytten\/"],"description":"Sworn Legal Translator NL-FR-ES-EN | Helping Expats, Notaries & Law Firms with Certified Translations of Legal & Official Documents during European Business Hours","email":"info@nuyttentranslations.com","telephone":"+32474896732","legalName":"Nuytten Legal Translations"}]}},"jetpack_sharing_enabled":true,"_links":{"self":[{"href":"https:\/\/nuyttentranslations.com\/fr\/wp-json\/wp\/v2\/pages\/867","targetHints":{"allow":["GET"]}}],"collection":[{"href":"https:\/\/nuyttentranslations.com\/fr\/wp-json\/wp\/v2\/pages"}],"about":[{"href":"https:\/\/nuyttentranslations.com\/fr\/wp-json\/wp\/v2\/types\/page"}],"author":[{"embeddable":true,"href":"https:\/\/nuyttentranslations.com\/fr\/wp-json\/wp\/v2\/users\/1"}],"replies":[{"embeddable":true,"href":"https:\/\/nuyttentranslations.com\/fr\/wp-json\/wp\/v2\/comments?post=867"}],"version-history":[{"count":4,"href":"https:\/\/nuyttentranslations.com\/fr\/wp-json\/wp\/v2\/pages\/867\/revisions"}],"predecessor-version":[{"id":1378,"href":"https:\/\/nuyttentranslations.com\/fr\/wp-json\/wp\/v2\/pages\/867\/revisions\/1378"}],"wp:attachment":[{"href":"https:\/\/nuyttentranslations.com\/fr\/wp-json\/wp\/v2\/media?parent=867"}],"curies":[{"name":"wp","href":"https:\/\/api.w.org\/{rel}","templated":true}]}}