{"id":879,"date":"2018-02-06T16:50:32","date_gmt":"2018-02-06T16:50:32","guid":{"rendered":"https:\/\/nuyttentranslations.com\/faq\/"},"modified":"2026-01-13T13:55:49","modified_gmt":"2026-01-13T13:55:49","slug":"faq","status":"publish","type":"page","link":"https:\/\/nuyttentranslations.com\/fr\/faq\/","title":{"rendered":"FAQ"},"content":{"rendered":"<div class=\"wpb-content-wrapper\"><p>[vc_row][vc_column icons_position=\u00a0\u00bbleft\u00a0\u00bb][vc_empty_space height=\u00a0\u00bb60px\u00a0\u00bb alter_height=\u00a0\u00bbnone\u00a0\u00bb hide_on_desktop=\u00a0\u00bb\u00a0\u00bb hide_on_notebook=\u00a0\u00bb\u00a0\u00bb hide_on_tablet=\u00a0\u00bb\u00a0\u00bb hide_on_mobile=\u00a0\u00bb\u00a0\u00bb][vc_column_text]<\/p>\n<h2>Voici quelques questions qui me sont fr\u00e9quemment pos\u00e9es. Si vous en avez d\u2019autres, n\u2019h\u00e9sitez pas \u00e0 utiliser le <a href=\"https:\/\/nuyttentranslations.com\/fr\/contact\/\">formulaire de contact<\/a>, \u00e0 m\u2019appeler au <a href=\"tel:+32474896732\">t\u00e9l\u00e9phone portable<\/a> ou \u00e0 m\u2019envoyer un <a href=\"mailto:info@nuyttentranslations.com\">e-mail<\/a><a href=\"tel:18001234567\">.<\/a><\/h2>\n<p>[\/vc_column_text][vc_empty_space height=\u00a0\u00bb30px\u00a0\u00bb alter_height=\u00a0\u00bbnone\u00a0\u00bb hide_on_desktop=\u00a0\u00bb\u00a0\u00bb hide_on_notebook=\u00a0\u00bb\u00a0\u00bb hide_on_tablet=\u00a0\u00bb\u00a0\u00bb hide_on_mobile=\u00a0\u00bb\u00a0\u00bb][vc_toggle title=\u00a0\u00bbQuels services proposez-vous et quelles sont vos langues de travail ?\u00a0\u00bb css=\u00a0\u00bb\u00a0\u00bb]Je suis sp\u00e9cialis\u00e9e dans la traduction de textes juridiques ainsi que de communications d\u2019entreprise. Mes langues de travail sont le n\u00e9erlandais, le fran\u00e7ais, l\u2019anglais et l\u2019espagnol.[\/vc_toggle][vc_toggle title=\u00a0\u00bbQuelle est la diff\u00e9rence entre la traduction et l\u2019interpr\u00e9tation ?\u00a0\u00bb]La traduction consiste en la traduction d\u2019un texte \u00e9crit d\u2019une langue dans une autre. L\u2019interpr\u00e9tation, elle, est le fait de r\u00e9percuter des paroles dans une autre langue.[\/vc_toggle][vc_toggle title=\u00a0\u00bbPourquoi faire appel \u00e0 une traductrice professionnelle ?\u00a0\u00bb]Votre entreprise a besoin de faire traduire des textes destin\u00e9s \u00e0 soutenir l\u2019exportation ou l\u2019importation de produits ? Vous souhaitez faire traduire votre site internet pour attirer de nouveaux clients ?<br \/>\nN\u2019oubliez pas : parler une langue \u00e9trang\u00e8re ne signifie pas n\u00e9cessairement que l\u2019on est capable de la traduire. La traduction n\u00e9cessite des comp\u00e9tences tr\u00e8s sp\u00e9cifiques qui sont indispensables pour pouvoir transmettre un message sans enlever ou ajouter des informations.<br \/>\nLes erreurs de traduction peuvent para\u00eetre \u00e9tranges et vous faire passer pour quelqu\u2019un qui manque de professionnalisme. Ces erreurs peuvent avoir un effet d\u00e9vastateur sur vos activit\u00e9s commerciales.<br \/>\nUne bonne traduction doit passer inaper\u00e7ue, comme si elle avait \u00e9t\u00e9 r\u00e9dig\u00e9e dans cette langue.[\/vc_toggle][vc_toggle title=\u00a0\u00bbPourquoi ne pas se contenter d\u2019utiliser Google Translate ou DeepL?\u00a0\u00bb css=\u00a0\u00bb\u00a0\u00bb]Cela fonctionne parfaitement avec des phrases simples et courtes, mais les ordinateurs sont incapables de situer le texte dans un contexte sp\u00e9cifique. Ainsi, le choix des mots n\u2019est pas toujours heureux au sein d\u2019un m\u00eame texte.<br \/>\nEt ceci peut entra\u00eener de nombreux probl\u00e8mes si le mot choisi modifie le sens ou le ton du texte.[\/vc_toggle][vc_toggle title=\u00a0\u00bbPourquoi faire appel \u00e0 une traductrice ind\u00e9pendante plut\u00f4t qu\u2019\u00e0 une agence de traduction ?\u00a0\u00bb css=\u00a0\u00bb\u00a0\u00bb]Si vous devez traduire votre texte vers quelques langues seulement, faire appel \u00e0 une traductrice ind\u00e9pendante sera plus simple. Je serai votre unique interm\u00e9diaire.[\/vc_toggle][vc_toggle title=\u00a0\u00bbQue signifie \u00ab langue source \u00bb et \u00ab langue cible \u00bb ?\u00a0\u00bb]La \u00ab langue source \u00bb est la langue de votre document original.<br \/>\nLes \u00ab langues cibles \u00bb sont les langues dans lesquelles vous faites traduire votre document.[\/vc_toggle][vc_toggle title=\u00a0\u00bbComment puis-je obtenir une traduction juridique asserment\u00e9e ?\u00a0\u00bb css=\u00a0\u00bb\u00a0\u00bb]Pour pouvoir \u00eatre transmises aux autorit\u00e9s publiques, certaines traductions juridiques officielles doivent \u00eatre jur\u00e9es ou asserment\u00e9es.<br \/>\nCes traductions sont certifi\u00e9es par un traducteur jur\u00e9 qui, par une d\u00e9claration \u00e9crite, atteste que la traduction a \u00e9t\u00e9 r\u00e9alis\u00e9e par un professionnel et que son contenu est, \u00e0 sa connaissance, exact.<br \/>\nLes traductions jur\u00e9es ne doivent plus \u00eatre fournies au format papier. En effet, la proc\u00e9dure officielle est enti\u00e8rement num\u00e9rique depuis le 1er d\u00e9cembre 2022 (moyennant la signature \u00e9lectronique).<br \/>\nPour pouvoir certifier une traduction je dois pouvoir consulter une copie scann\u00e9e parfaitement lisible et compl\u00e8te du document. Tous les cachets, sceaux et \u00e9l\u00e9ments \u00e9crits \u00e0 la main doivent \u00eatre visibles et lisibles, car je suis tenue de traduire tout ce qui appara\u00eet sur un tel document. Si certaines parties sont illisibles ou tronqu\u00e9es, je le signalerai comme tel dans le document traduit.<br \/>\nDans certains cas, en fonction de la finalit\u00e9 de la traduction ainsi que du pays dans lequel elle sera utilis\u00e9e, la traduction jur\u00e9e devra \u00eatre accompagn\u00e9e d&rsquo;une apostille, sign\u00e9e num\u00e9riquement par le SPF Affaires \u00e9trang\u00e8res \u00e0 Bruxelles.<br \/>\nCette exigence peut varier d\u2019une institution \u00e0 l\u2019autre ; c&rsquo;est pourquoi il convient de vous renseigner \u00e0 chaque fois sur le type de traduction demand\u00e9.[\/vc_toggle][vc_toggle title=\u00a0\u00bbComment puis-je r\u00e9cup\u00e9rer ma traduction jur\u00e9e ?\u00a0\u00bb css=\u00a0\u00bb\u00a0\u00bb]La proc\u00e9dure officielle est enti\u00e8rement num\u00e9rique depuis le 1er d\u00e9cembre 2022 (moyennant la signature \u00e9lectronique). Je vous enverrai un courrier \u00e9lectronique avec la traduction jur\u00e9e sign\u00e9e num\u00e9riquement.[\/vc_toggle][vc_toggle title=\u00a0\u00bbQue dois-je faire si je souhaite faire traduire mon site internet ?\u00a0\u00bb]Vous pouvez m\u2019envoyer le lien vers celui-ci ainsi que le contenu qui doit \u00eatre traduit dans un document Word. [\/vc_toggle][vc_toggle title=\u00a0\u00bbJ\u2019ai besoin de trouver un certain contenu au sein d\u2019un document. Pouvez-vous me fournir ce service ?\u00a0\u00bb]Je peux lire le document en vous facturant \u00e0 l\u2019heure et, soit le r\u00e9sumer, soit le parcourir pour chercher les informations dont vous avez besoin. Si n\u00e9cessaire, je peux traduire uniquement ces passages.[\/vc_toggle][vc_toggle title=\u00a0\u00bbCombien de temps prendra la traduction ?\u00a0\u00bb css=\u00a0\u00bb\u00a0\u00bb]Le d\u00e9lai d\u00e9pend du type de document et de la disponibilit\u00e9 du traducteur. Toutefois, pour vous donner une id\u00e9e, un traducteur chevronn\u00e9 peut traduire environ 2500 mots par jour.<br \/>\nLa traduction de documents juridiques complexes prend souvent plus de temps que celle de textes g\u00e9n\u00e9raux. En effet, je dois consulter plus souvent des ouvrages de r\u00e9f\u00e9rence et autres pour vous garantir l\u2019exactitude de mon travail.<br \/>\nJe vous pr\u00e9ciserai un d\u00e9lai dans le devis r\u00e9dig\u00e9 pour le service.[\/vc_toggle][vc_toggle title=\u00a0\u00bbCombien cela vous co\u00fbtera-t-il ? Y aura-t-il des frais suppl\u00e9mentaires en cas de mise en page complexe ?\u00a0\u00bb]Je facture habituellement au mot source. Mon tarif sera plus \u00e9lev\u00e9 pour des textes complexes qui exigent plus de recherches et une terminologie sp\u00e9cifique.<br \/>\nEn cas de mise en page plus complexe, la note finale d\u00e9pendra du temps pass\u00e9 pour accomplir la t\u00e2che plut\u00f4t que le nombre de mots.<br \/>\nN\u2019h\u00e9sitez pas \u00e0 m\u2019envoyer une copie scann\u00e9e de votre document \u00e0 <a href=\"mailto:nfo@nuyttentranslations.com\">adresse \u00e9lectronique<\/a> et je vous remettrai une offre imm\u00e9diatement.[\/vc_toggle][vc_toggle title=\u00a0\u00bbQuels sont les moyens de paiement ?\u00a0\u00bb css=\u00a0\u00bb\u00a0\u00bb]J\u2019accepte les paiements par virement ou par Wise.[\/vc_toggle][vc_empty_space height=\u00a0\u00bb60px\u00a0\u00bb alter_height=\u00a0\u00bbnone\u00a0\u00bb hide_on_desktop=\u00a0\u00bb\u00a0\u00bb hide_on_notebook=\u00a0\u00bb\u00a0\u00bb hide_on_tablet=\u00a0\u00bb\u00a0\u00bb hide_on_mobile=\u00a0\u00bb\u00a0\u00bb]<div\t\tclass=\"sc_title color_style_link3 sc_title_default\"><h3 class=\"sc_item_title sc_title_title sc_align_center sc_item_title_style_default sc_item_title_tag\"\n\t\t\t><span class=\"sc_item_title_text\">Vous effectuez un virement international ? Je vous conseille d\u2019utiliser Wise pour \u00e9viter des frais \u00e9lev\u00e9s \u2013 cliquez sur le bouton ci-dessous pour en savoir plus.<\/span><\/h3><div\tclass=\"sc_item_button sc_button_wrap sc_align_center sc_item_button sc_item_button_default sc_item_button_size_normal sc_title_button\"><a href=\"https:\/\/wise.com\/\" class=\"sc_button color_style_link3 sc_button_default sc_button_size_normal sc_button_icon_left\"><span class=\"sc_button_text\"><span class=\"sc_button_title\">Wise<\/span><\/span><\/a><\/div><\/div>[vc_empty_space height=\u00a0\u00bb60px\u00a0\u00bb alter_height=\u00a0\u00bbnone\u00a0\u00bb hide_on_desktop=\u00a0\u00bb\u00a0\u00bb hide_on_notebook=\u00a0\u00bb\u00a0\u00bb hide_on_tablet=\u00a0\u00bb\u00a0\u00bb hide_on_mobile=\u00a0\u00bb\u00a0\u00bb][\/vc_column][\/vc_row]<\/p>\n<\/div>","protected":false},"excerpt":{"rendered":"<p>[vc_row][vc_column icons_position=\u00a0\u00bbleft\u00a0\u00bb][vc_empty_space height=\u00a0\u00bb60px\u00a0\u00bb alter_height=\u00a0\u00bbnone\u00a0\u00bb hide_on_desktop=\u00a0\u00bb\u00a0\u00bb hide_on_notebook=\u00a0\u00bb\u00a0\u00bb hide_on_tablet=\u00a0\u00bb\u00a0\u00bb hide_on_mobile=\u00a0\u00bb\u00a0\u00bb][vc_column_text] Voici quelques questions qui me sont fr\u00e9quemment pos\u00e9es. Si vous en avez d\u2019autres, n\u2019h\u00e9sitez pas \u00e0 utiliser le formulaire de contact, \u00e0 m\u2019appeler au t\u00e9l\u00e9phone portable ou \u00e0 m\u2019envoyer un e-mail.&hellip;<\/p>\n","protected":false},"author":1,"featured_media":0,"parent":0,"menu_order":0,"comment_status":"closed","ping_status":"closed","template":"","meta":{"footnotes":""},"class_list":["post-879","page","type-page","status-publish","hentry"],"yoast_head":"<!-- This site is optimized with the Yoast SEO Premium plugin v27.4 (Yoast SEO v27.4) - https:\/\/yoast.com\/product\/yoast-seo-premium-wordpress\/ -->\n<title>FAQ - Nuytten Legal Translations<\/title>\n<meta name=\"robots\" content=\"index, follow, max-snippet:-1, max-image-preview:large, max-video-preview:-1\" \/>\n<link rel=\"canonical\" href=\"https:\/\/nuyttentranslations.com\/fr\/faq\/\" \/>\n<meta property=\"og:locale\" content=\"fr_FR\" \/>\n<meta property=\"og:type\" content=\"article\" \/>\n<meta property=\"og:title\" content=\"FAQ\" \/>\n<meta property=\"og:description\" content=\"[vc_row][vc_column icons_position=\u00a0\u00bbleft\u00a0\u00bb][vc_empty_space height=\u00a0\u00bb60px\u00a0\u00bb alter_height=\u00a0\u00bbnone\u00a0\u00bb hide_on_desktop=\u00a0\u00bb\u00a0\u00bb hide_on_notebook=\u00a0\u00bb\u00a0\u00bb hide_on_tablet=\u00a0\u00bb\u00a0\u00bb hide_on_mobile=\u00a0\u00bb\u00a0\u00bb][vc_column_text] Voici quelques questions qui me sont fr\u00e9quemment pos\u00e9es. Si vous en avez d\u2019autres, n\u2019h\u00e9sitez pas \u00e0 utiliser le formulaire de contact, \u00e0 m\u2019appeler au t\u00e9l\u00e9phone portable ou \u00e0 m\u2019envoyer un e-mail.&hellip;\" \/>\n<meta property=\"og:url\" content=\"https:\/\/nuyttentranslations.com\/fr\/faq\/\" \/>\n<meta property=\"og:site_name\" content=\"Nuytten Legal Translations\" \/>\n<meta property=\"article:modified_time\" content=\"2026-01-13T13:55:49+00:00\" \/>\n<meta property=\"og:image\" content=\"https:\/\/nuyttentranslations.com\/wp-content\/uploads\/2026\/04\/nuyttenttranslations_logo.webp\" \/>\n\t<meta property=\"og:image:width\" content=\"1007\" \/>\n\t<meta property=\"og:image:height\" content=\"598\" \/>\n\t<meta property=\"og:image:type\" content=\"image\/webp\" \/>\n<meta name=\"twitter:card\" content=\"summary_large_image\" \/>\n<meta name=\"twitter:label1\" content=\"Dur\u00e9e de lecture estim\u00e9e\" \/>\n\t<meta name=\"twitter:data1\" content=\"5 minutes\" \/>\n<script type=\"application\/ld+json\" class=\"yoast-schema-graph\">{\"@context\":\"https:\\\/\\\/schema.org\",\"@graph\":[{\"@type\":\"WebPage\",\"@id\":\"https:\\\/\\\/nuyttentranslations.com\\\/fr\\\/faq\\\/\",\"url\":\"https:\\\/\\\/nuyttentranslations.com\\\/fr\\\/faq\\\/\",\"name\":\"FAQ - Nuytten Legal Translations\",\"isPartOf\":{\"@id\":\"https:\\\/\\\/nuyttentranslations.com\\\/#website\"},\"datePublished\":\"2018-02-06T16:50:32+00:00\",\"dateModified\":\"2026-01-13T13:55:49+00:00\",\"breadcrumb\":{\"@id\":\"https:\\\/\\\/nuyttentranslations.com\\\/fr\\\/faq\\\/#breadcrumb\"},\"inLanguage\":\"fr-FR\",\"potentialAction\":[{\"@type\":\"ReadAction\",\"target\":[\"https:\\\/\\\/nuyttentranslations.com\\\/fr\\\/faq\\\/\"]}]},{\"@type\":\"BreadcrumbList\",\"@id\":\"https:\\\/\\\/nuyttentranslations.com\\\/fr\\\/faq\\\/#breadcrumb\",\"itemListElement\":[{\"@type\":\"ListItem\",\"position\":1,\"name\":\"Home\",\"item\":\"https:\\\/\\\/nuyttentranslations.com\\\/fr\\\/\"},{\"@type\":\"ListItem\",\"position\":2,\"name\":\"FAQ\"}]},{\"@type\":\"WebSite\",\"@id\":\"https:\\\/\\\/nuyttentranslations.com\\\/#website\",\"url\":\"https:\\\/\\\/nuyttentranslations.com\\\/\",\"name\":\"Nuytten Legal Translations\",\"description\":\"\",\"publisher\":{\"@id\":\"https:\\\/\\\/nuyttentranslations.com\\\/#organization\"},\"potentialAction\":[{\"@type\":\"SearchAction\",\"target\":{\"@type\":\"EntryPoint\",\"urlTemplate\":\"https:\\\/\\\/nuyttentranslations.com\\\/?s={search_term_string}\"},\"query-input\":{\"@type\":\"PropertyValueSpecification\",\"valueRequired\":true,\"valueName\":\"search_term_string\"}}],\"inLanguage\":\"fr-FR\"},{\"@type\":\"Organization\",\"@id\":\"https:\\\/\\\/nuyttentranslations.com\\\/#organization\",\"name\":\"Nuytten Legal Translations\",\"url\":\"https:\\\/\\\/nuyttentranslations.com\\\/\",\"logo\":{\"@type\":\"ImageObject\",\"inLanguage\":\"fr-FR\",\"@id\":\"https:\\\/\\\/nuyttentranslations.com\\\/#\\\/schema\\\/logo\\\/image\\\/\",\"url\":\"https:\\\/\\\/nuyttentranslations.com\\\/wp-content\\\/uploads\\\/2017\\\/08\\\/jn-logo-dark330-1.png\",\"contentUrl\":\"https:\\\/\\\/nuyttentranslations.com\\\/wp-content\\\/uploads\\\/2017\\\/08\\\/jn-logo-dark330-1.png\",\"width\":330,\"height\":196,\"caption\":\"Nuytten Legal Translations\"},\"image\":{\"@id\":\"https:\\\/\\\/nuyttentranslations.com\\\/#\\\/schema\\\/logo\\\/image\\\/\"},\"sameAs\":[\"https:\\\/\\\/www.linkedin.com\\\/in\\\/jokefjnuytten\\\/\"],\"description\":\"Sworn Legal Translator NL-FR-ES-EN | Helping Expats, Notaries & Law Firms with Certified Translations of Legal & Official Documents during European Business Hours\",\"email\":\"info@nuyttentranslations.com\",\"telephone\":\"+32474896732\",\"legalName\":\"Nuytten Legal Translations\"}]}<\/script>\n<!-- \/ Yoast SEO Premium plugin. -->","yoast_head_json":{"title":"FAQ - Nuytten Legal Translations","robots":{"index":"index","follow":"follow","max-snippet":"max-snippet:-1","max-image-preview":"max-image-preview:large","max-video-preview":"max-video-preview:-1"},"canonical":"https:\/\/nuyttentranslations.com\/fr\/faq\/","og_locale":"fr_FR","og_type":"article","og_title":"FAQ","og_description":"[vc_row][vc_column icons_position=\u00a0\u00bbleft\u00a0\u00bb][vc_empty_space height=\u00a0\u00bb60px\u00a0\u00bb alter_height=\u00a0\u00bbnone\u00a0\u00bb hide_on_desktop=\u00a0\u00bb\u00a0\u00bb hide_on_notebook=\u00a0\u00bb\u00a0\u00bb hide_on_tablet=\u00a0\u00bb\u00a0\u00bb hide_on_mobile=\u00a0\u00bb\u00a0\u00bb][vc_column_text] Voici quelques questions qui me sont fr\u00e9quemment pos\u00e9es. Si vous en avez d\u2019autres, n\u2019h\u00e9sitez pas \u00e0 utiliser le formulaire de contact, \u00e0 m\u2019appeler au t\u00e9l\u00e9phone portable ou \u00e0 m\u2019envoyer un e-mail.&hellip;","og_url":"https:\/\/nuyttentranslations.com\/fr\/faq\/","og_site_name":"Nuytten Legal Translations","article_modified_time":"2026-01-13T13:55:49+00:00","og_image":[{"width":1007,"height":598,"url":"https:\/\/nuyttentranslations.com\/wp-content\/uploads\/2026\/04\/nuyttenttranslations_logo.webp","type":"image\/webp"}],"twitter_card":"summary_large_image","twitter_misc":{"Dur\u00e9e de lecture estim\u00e9e":"5 minutes"},"schema":{"@context":"https:\/\/schema.org","@graph":[{"@type":"WebPage","@id":"https:\/\/nuyttentranslations.com\/fr\/faq\/","url":"https:\/\/nuyttentranslations.com\/fr\/faq\/","name":"FAQ - Nuytten Legal Translations","isPartOf":{"@id":"https:\/\/nuyttentranslations.com\/#website"},"datePublished":"2018-02-06T16:50:32+00:00","dateModified":"2026-01-13T13:55:49+00:00","breadcrumb":{"@id":"https:\/\/nuyttentranslations.com\/fr\/faq\/#breadcrumb"},"inLanguage":"fr-FR","potentialAction":[{"@type":"ReadAction","target":["https:\/\/nuyttentranslations.com\/fr\/faq\/"]}]},{"@type":"BreadcrumbList","@id":"https:\/\/nuyttentranslations.com\/fr\/faq\/#breadcrumb","itemListElement":[{"@type":"ListItem","position":1,"name":"Home","item":"https:\/\/nuyttentranslations.com\/fr\/"},{"@type":"ListItem","position":2,"name":"FAQ"}]},{"@type":"WebSite","@id":"https:\/\/nuyttentranslations.com\/#website","url":"https:\/\/nuyttentranslations.com\/","name":"Nuytten Legal Translations","description":"","publisher":{"@id":"https:\/\/nuyttentranslations.com\/#organization"},"potentialAction":[{"@type":"SearchAction","target":{"@type":"EntryPoint","urlTemplate":"https:\/\/nuyttentranslations.com\/?s={search_term_string}"},"query-input":{"@type":"PropertyValueSpecification","valueRequired":true,"valueName":"search_term_string"}}],"inLanguage":"fr-FR"},{"@type":"Organization","@id":"https:\/\/nuyttentranslations.com\/#organization","name":"Nuytten Legal Translations","url":"https:\/\/nuyttentranslations.com\/","logo":{"@type":"ImageObject","inLanguage":"fr-FR","@id":"https:\/\/nuyttentranslations.com\/#\/schema\/logo\/image\/","url":"https:\/\/nuyttentranslations.com\/wp-content\/uploads\/2017\/08\/jn-logo-dark330-1.png","contentUrl":"https:\/\/nuyttentranslations.com\/wp-content\/uploads\/2017\/08\/jn-logo-dark330-1.png","width":330,"height":196,"caption":"Nuytten Legal Translations"},"image":{"@id":"https:\/\/nuyttentranslations.com\/#\/schema\/logo\/image\/"},"sameAs":["https:\/\/www.linkedin.com\/in\/jokefjnuytten\/"],"description":"Sworn Legal Translator NL-FR-ES-EN | Helping Expats, Notaries & Law Firms with Certified Translations of Legal & Official Documents during European Business Hours","email":"info@nuyttentranslations.com","telephone":"+32474896732","legalName":"Nuytten Legal Translations"}]}},"jetpack_sharing_enabled":true,"_links":{"self":[{"href":"https:\/\/nuyttentranslations.com\/fr\/wp-json\/wp\/v2\/pages\/879","targetHints":{"allow":["GET"]}}],"collection":[{"href":"https:\/\/nuyttentranslations.com\/fr\/wp-json\/wp\/v2\/pages"}],"about":[{"href":"https:\/\/nuyttentranslations.com\/fr\/wp-json\/wp\/v2\/types\/page"}],"author":[{"embeddable":true,"href":"https:\/\/nuyttentranslations.com\/fr\/wp-json\/wp\/v2\/users\/1"}],"replies":[{"embeddable":true,"href":"https:\/\/nuyttentranslations.com\/fr\/wp-json\/wp\/v2\/comments?post=879"}],"version-history":[{"count":6,"href":"https:\/\/nuyttentranslations.com\/fr\/wp-json\/wp\/v2\/pages\/879\/revisions"}],"predecessor-version":[{"id":1438,"href":"https:\/\/nuyttentranslations.com\/fr\/wp-json\/wp\/v2\/pages\/879\/revisions\/1438"}],"wp:attachment":[{"href":"https:\/\/nuyttentranslations.com\/fr\/wp-json\/wp\/v2\/media?parent=879"}],"curies":[{"name":"wp","href":"https:\/\/api.w.org\/{rel}","templated":true}]}}