{"id":866,"date":"2017-09-06T13:49:27","date_gmt":"2017-09-06T13:49:27","guid":{"rendered":"https:\/\/nuyttentranslations.com\/home-2\/"},"modified":"2025-12-17T09:58:31","modified_gmt":"2025-12-17T09:58:31","slug":"home-2","status":"publish","type":"page","link":"https:\/\/nuyttentranslations.com\/nl\/","title":{"rendered":"Home"},"content":{"rendered":"<div class=\"wpb-content-wrapper\"><p>[vc_row full_width=&#8221;stretch_row_content_no_spaces&#8221;][vc_column icons_position=&#8221;left&#8221;][rev_slider_vc alias=&#8221;home-nl&#8221;][\/vc_column][\/vc_row][vc_row full_width=&#8221;stretch_row_content&#8221; scheme=&#8221;default&#8221; hide_bg_image_on_tablet=&#8221;1&#8243; hide_bg_image_on_mobile=&#8221;1&#8243; css=&#8221;.vc_custom_1519220995523{background-image: url(https:\/\/nuyttentranslations.com\/wp-content\/uploads\/2017\/12\/bcg-1.jpg?id=801) !important;background-position: center !important;background-repeat: no-repeat !important;background-size: cover !important;}&#8221;][vc_column scheme=&#8221;default&#8221; icons_position=&#8221;left&#8221;]<div \t\tclass=\"sc_layouts sc_layouts_default sc_layouts_905\"\n\t\tdata-delay=\"0\"\n\t\t>[vc_row full_width=\"stretch_row\" scheme=\"default\" hide_bg_image_on_tablet=\"\" hide_bg_image_on_mobile=\"\" row_delimiter=\"\" hide_on_desktop=\"\" hide_on_notebook=\"\" hide_on_tablet=\"\" hide_on_mobile=\"\" hide_on_frontpage=\"\" css=\".vc_custom_1519220739395{background-size: cover !important;}\"][vc_column width=\"2\/3\" scheme=\"default\" fix_column=\"\" hide_bg_image_on_tablet=\"\" hide_bg_image_on_mobile=\"\" icons_position=\"left\" offset=\"vc_col-md-6\" css=\".vc_custom_1517951618780{padding-right: 80px !important;padding-left: 80px !important;}\"][vc_empty_space alter_height=\"medium\" hide_on_desktop=\"\" hide_on_notebook=\"\" hide_on_tablet=\"\" hide_on_mobile=\"\" css=\".vc_custom_1517951118469{margin-top: 2.7rem !important;}\"]<div\t\tclass=\"sc_title color_style_default scheme_default sc_title_gsub\"><span class=\"sc_item_subtitle sc_title_subtitle sc_align_left sc_item_subtitle_above sc_item_title_style_gsub\">Welkom bij Nuytten Legal Translations<\/span><h1 class=\"sc_item_title sc_title_title sc_align_left sc_item_title_style_gsub sc_item_title_tag\"\n\t\t\t><span class=\"sc_item_title_text\">Uw discrete bondgenoot voor kwaliteitsvolle documenten in het Nederlands, Frans, Engels en Spaans.<\/span><\/h1><div class=\"sc_item_descr sc_title_descr sc_align_left\"><p>De gevolgen van onjuiste juridische documenten kunnen uw winstcijfers be\u00efnvloeden, uw reputatie schaden en levens verwoesten. Dankzij hoogwaardige vertalingen vallen de risico\u2019s weg bij vaak complexe internationale juridische communicatie.<\/p>\n<p>Mijn diensten zijn volledig confidentieel en 100% betrouwbaar. Dankzij mijn ervaring in het bedrijfsleven, mijn taalvaardigheid en mijn statuut als be\u00ebdigd vertaler, is uw materiaal in veilige handen. Vertrouw uw documenten toe aan een specialist terzake.<\/p>\n<p>Ik werk met veeleisende klanten die kwaliteit en professionaliteit hoog in het vaandel dragen. <a href=\"https:\/\/nuyttentranslations.com\/nl\/getuigenissen\">Lees hier wat zij over onze samenwerking zeggen<\/a>.<\/p>\n<\/div><div\tclass=\"sc_item_button sc_button_wrap sc_align_left sc_item_button sc_item_button_default sc_item_button_size_normal sc_title_button\"><a href=\"https:\/\/nuyttentranslations.com\/nl\/contact\/\" class=\"sc_button color_style_default sc_button_default sc_button_size_normal sc_button_icon_left\"><span class=\"sc_button_text\"><span class=\"sc_button_title\">Contacteer me voor meer informatie <\/span><\/span><\/a><\/div><\/div>[vc_empty_space alter_height=\"medium\" hide_on_desktop=\"\" hide_on_notebook=\"\" hide_on_tablet=\"\" hide_on_mobile=\"\" css=\".vc_custom_1517951123698{margin-bottom: 4.2rem !important;}\"][\/vc_column][vc_column width=\"1\/2\" icons_position=\"left\"][\/vc_column][\/vc_row]<\/div>[\/vc_column][\/vc_row][vc_row full_width=&#8221;stretch_row_content&#8221; scheme=&#8221;default&#8221; hide_bg_image_on_tablet=&#8221;1&#8243; hide_bg_image_on_mobile=&#8221;1&#8243; css=&#8221;.vc_custom_1519220977433{background-size: cover !important;}&#8221;][vc_column scheme=&#8221;default&#8221; icons_position=&#8221;left&#8221;]<div \t\tclass=\"sc_layouts sc_layouts_default sc_layouts_908\"\n\t\tdata-delay=\"0\"\n\t\t>[vc_row hide_bg_image_on_tablet=\"\" hide_bg_image_on_mobile=\"\" css=\".vc_custom_1519220222219{background-color: #f7f7f7 !important;}\"][vc_column icons_position=\"left\"][vc_empty_space alter_height=\"medium\" hide_on_desktop=\"\" hide_on_notebook=\"\" hide_on_tablet=\"\" hide_on_mobile=\"\" css=\".vc_custom_1517951123698{margin-bottom: 4.2rem !important;}\"]<div \t\tclass=\"sc_testimonials color_style_default sc_testimonials_default\"><h2 class=\"sc_item_title sc_testimonials_title sc_align_center sc_item_title_style_default\"\n\t\t\t><span class=\"sc_item_title_text\">Getuigenissen<\/span><\/h2><div class=\"sc_testimonials_slider sc_item_slider slider_swiper_outer slider_outer slider_outer_controls slider_outer_controls_side slider_outer_nopagination slider_outer_nocentered slider_outer_overflow_hidden slider_outer_one\">\n\t<div class=\"slider_container swiper-slider-container slider_swiper slider_noresize slider_controls slider_controls_side slider_nopagination slider_nocentered slider_overflow_hidden slider_one\" data-effect=\"slide\" data-slides-min-width=\"290\" data-pagination=\"bullets\" data-direction=\"horizontal\" data-mouse-wheel=\"0\" data-autoplay=\"1\" data-loop=\"1\" data-free-mode=\"0\" data-slides-centered=\"0\" data-slides-overflow=\"0\">\n\t\t<div class=\"slides slider-wrapper swiper-wrapper sc_item_columns_1\"><div class=\"slider-slide swiper-slide\"><div class=\"sc_testimonials_item\">\n    \t<div class=\"sc_testimonials_item_content\"><p>\u00ab J&#8217;ai particuli\u00e8rement appr\u00e9ci\u00e9 la collaboration avec Joke pour son attention particuli\u00e8re aux d\u00e9tails dans les traductions. Nous avons maintenu une bonne communication pendant les travaux et j&#8217;ai appr\u00e9ci\u00e9 qu&#8217;elle n&#8217;h\u00e9site pas \u00e0 me recontacter pour v\u00e9rifier l&#8217;exactitude de certains termes quand ils sont techniques. \u00bb<\/p>\n<\/div>\n\t<div class=\"sc_testimonials_item_author\">\n\t\t<div class=\"sc_testimonials_item_author_data\">\n\t\t\t<h4 class=\"sc_testimonials_item_author_title\">Sese Bomboko<\/h4>\n\t\t\t<div class=\"sc_testimonials_item_author_subtitle\">Medeoprichter La Mini\u00e8re du Congo S.A.R.L.<\/div>\n\t\t<\/div>\n\t<\/div>\n<\/div>\n<\/div><div class=\"slider-slide swiper-slide\"><div class=\"sc_testimonials_item\">\n    \t<div class=\"sc_testimonials_item_content\"><p>\u00ab C&#8217;est exactement ce que nous souhaitons. Du professionnalisme, d&#8217;excellentes traductions conformes aux secteurs d&#8217;activit\u00e9.<br \/>\nUne bonne communication et des d\u00e9lais respect\u00e9s. Adaptation aux documents informatiques. \u00bb<\/p>\n<\/div>\n\t<div class=\"sc_testimonials_item_author\">\n\t\t<div class=\"sc_testimonials_item_author_data\">\n\t\t\t<h4 class=\"sc_testimonials_item_author_title\">Philippe Mertens<\/h4>\n\t\t\t<div class=\"sc_testimonials_item_author_subtitle\">Medeoprichter Aganeri www.aganeri.be<\/div>\n\t\t<\/div>\n\t<\/div>\n<\/div>\n<\/div><div class=\"slider-slide swiper-slide\"><div class=\"sc_testimonials_item\">\n    \t<div class=\"sc_testimonials_item_content\"><p>\u00ab Nous sommes tr\u00e8s satisfaits des services de Joke et appr\u00e9cions la qualit\u00e9 de son travail, tout autant que sa rapidit\u00e9 et son efficacit\u00e9. C\u2019est un partenaire r\u00e9actif et disponible, qui sait s\u2019adapter \u00e0 nos contraintes \u00e9ditoriales. \u00bb<\/p>\n<\/div>\n\t<div class=\"sc_testimonials_item_author\">\n\t\t<div class=\"sc_testimonials_item_author_data\">\n\t\t\t<h4 class=\"sc_testimonials_item_author_title\">Nicolas Houyoux<\/h4>\n\t\t\t<div class=\"sc_testimonials_item_author_subtitle\">Hoofdredacteur \u201cde Architectenkrant\u201c www.architectenkrant.be<\/div>\n\t\t<\/div>\n\t<\/div>\n<\/div>\n<\/div><div class=\"slider-slide swiper-slide\"><div class=\"sc_testimonials_item\">\n    \t<div class=\"sc_testimonials_item_content\"><p>\u00ab Je tenais \u00e0 souligner la grande qualit\u00e9 professionnelle de Joke. Ses traductions parfaites sont r\u00e9alis\u00e9es \u00e0 temps et heure pour un prix extr\u00eamement comp\u00e9titif. Depuis quelques ann\u00e9es elle a pu m\u2018 aider dans diff\u00e9rentes parties de ma\u00a0vie professionnelle pour des traductions m\u00e9dicales, scientifiques, des articles, pour des documents de sant\u00e9 publique, pour des cv tant en fran\u00e7ais, anglais et n\u00e9erlandais \u00e0 qualit\u00e9 constante.\u00a0Elle est devenue mon dictionnaire de r\u00e9f\u00e9rence . \u00c0 recommander vivement\u00a0! \u00bb<\/p>\n<\/div>\n\t<div class=\"sc_testimonials_item_author\">\n\t\t<div class=\"sc_testimonials_item_author_data\">\n\t\t\t<h4 class=\"sc_testimonials_item_author_title\">Adeline Higuet<\/h4>\n\t\t\t<div class=\"sc_testimonials_item_author_subtitle\">Spoedarts, AZ Sint-Maria, Halle<\/div>\n\t\t<\/div>\n\t<\/div>\n<\/div>\n<\/div><div class=\"slider-slide swiper-slide\"><div class=\"sc_testimonials_item\">\n    \t<div class=\"sc_testimonials_item_content\"><p>\u201cWij werken reeds jaren in volle vertrouwen samen met Joke Nuytten. Haar dienstverlening is snel en kwalitatief hoogstaand. Ook haar gedrevenheid en klantvriendelijkheid weten wij ten zeerste te appreci\u00ebren.\u201c<\/p>\n<\/div>\n\t<div class=\"sc_testimonials_item_author\">\n\t\t<div class=\"sc_testimonials_item_author_data\">\n\t\t\t<h4 class=\"sc_testimonials_item_author_title\">Willem Muyshondt<\/h4>\n\t\t\t<div class=\"sc_testimonials_item_author_subtitle\">Notaris,\u00a0Hendrik &amp; Willem Muyshondt Geassocieerde Notarissen, Halle:<\/div>\n\t\t<\/div>\n\t<\/div>\n<\/div>\n<\/div><div class=\"slider-slide swiper-slide\"><div class=\"sc_testimonials_item\">\n    \t<div class=\"sc_testimonials_item_content\"><p>\u00ab Nous avons eu le plaisir de travailler avec Joke dans le cadre de plusieurs dossiers et nous avons \u00e9t\u00e9, \u00e0 chaque fois, tr\u00e8s satisfaits de la ma\u00eetrise du langage juridique et du contact que nous avons eu avec Joke. Le professionnalisme dont elle fait preuve se mat\u00e9rialise \u00e9galement au niveau du respect des d\u00e9lais. Sans h\u00e9siter, nous recommandons le travail de Joke. \u00bb<\/p>\n<\/div>\n\t<div class=\"sc_testimonials_item_author\">\n\t\t<div class=\"sc_testimonials_item_author_data\">\n\t\t\t<h4 class=\"sc_testimonials_item_author_title\">Eric Pascal Rwamucyo<\/h4>\n\t\t\t<div class=\"sc_testimonials_item_author_subtitle\">Advocaat, Urban Law advocatenkantoor, Brussel en assistent-professor, EFP, Brussel<\/div>\n\t\t<\/div>\n\t<\/div>\n<\/div>\n<\/div><div class=\"slider-slide swiper-slide\"><div class=\"sc_testimonials_item\">\n    \t<div class=\"sc_testimonials_item_content\"><p>\u201cJoke provides a fast and professional service! 100% reliable in all your translation needs.\u201c<\/p>\n<\/div>\n\t<div class=\"sc_testimonials_item_author\">\n\t\t<div class=\"sc_testimonials_item_author_data\">\n\t\t\t<h4 class=\"sc_testimonials_item_author_title\">Eric Garcia Macias<\/h4>\n\t\t\t<div class=\"sc_testimonials_item_author_subtitle\">Senior immigration consultant Benelux, Lex Documents, Brussel<\/div>\n\t\t<\/div>\n\t<\/div>\n<\/div>\n<\/div><div class=\"slider-slide swiper-slide\"><div class=\"sc_testimonials_item\">\n    \t<div class=\"sc_testimonials_item_content\"><p>\u201cJoke is everything you can expect from a translation service. She is fast and accurate. Keeps her promises 100% and is very easy to reach.\u201d<\/p>\n<\/div>\n\t<div class=\"sc_testimonials_item_author\">\n\t\t<div class=\"sc_testimonials_item_author_data\">\n\t\t\t<h4 class=\"sc_testimonials_item_author_title\">PieterJan Viaene<\/h4>\n\t\t\t<div class=\"sc_testimonials_item_author_subtitle\">Senior online marketeer, Adfundum Reclamebureau, Rumbeke<\/div>\n\t\t<\/div>\n\t<\/div>\n<\/div>\n<\/div><\/div><div class=\"slider_controls_wrap\"><a class=\"slider_prev swiper-button-prev\" href=\"#\" role=\"button\"><\/a><a class=\"slider_next swiper-button-next\" href=\"#\" role=\"button\"><\/a><\/div><\/div><\/div><\/div>[vc_empty_space alter_height=\"medium\" hide_on_desktop=\"\" hide_on_notebook=\"\" hide_on_tablet=\"\" hide_on_mobile=\"\" css=\".vc_custom_1517951118469{margin-top: 2.7rem !important;}\"][\/vc_column][\/vc_row]<\/div>[\/vc_column][\/vc_row]<\/p>\n<\/div>","protected":false},"excerpt":{"rendered":"<p>[vc_row full_width=&#8221;stretch_row_content_no_spaces&#8221;][vc_column icons_position=&#8221;left&#8221;][rev_slider_vc alias=&#8221;home-nl&#8221;][\/vc_column][\/vc_row][vc_row full_width=&#8221;stretch_row_content&#8221; scheme=&#8221;default&#8221; hide_bg_image_on_tablet=&#8221;1&#8243; hide_bg_image_on_mobile=&#8221;1&#8243; css=&#8221;.vc_custom_1519220995523{background-image: url(https:\/\/nuyttentranslations.com\/wp-content\/uploads\/2017\/12\/bcg-1.jpg?id=801) !important;background-position: center !important;background-repeat: no-repeat !important;background-size: cover !important;}&#8221;][vc_column scheme=&#8221;default&#8221; icons_position=&#8221;left&#8221;][\/vc_column][\/vc_row][vc_row full_width=&#8221;stretch_row_content&#8221; scheme=&#8221;default&#8221; hide_bg_image_on_tablet=&#8221;1&#8243; hide_bg_image_on_mobile=&#8221;1&#8243; css=&#8221;.vc_custom_1519220977433{background-size: cover !important;}&#8221;][vc_column scheme=&#8221;default&#8221; icons_position=&#8221;left&#8221;][\/vc_column][\/vc_row]<\/p>\n","protected":false},"author":1,"featured_media":0,"parent":0,"menu_order":0,"comment_status":"closed","ping_status":"closed","template":"","meta":{"footnotes":""},"class_list":["post-866","page","type-page","status-publish","hentry"],"yoast_head":"<!-- This site is optimized with the Yoast SEO Premium plugin v27.4 (Yoast SEO v27.4) - https:\/\/yoast.com\/product\/yoast-seo-premium-wordpress\/ -->\n<title>Juridische vertalingen | Nuytten Legal Translations<\/title>\n<meta name=\"description\" content=\"Uw discrete bondgenoot voor kwaliteitsvolle documenten vertaald naar het Nederlands, Frans, Engels en Spaans. Contacteer me voor meer informatie!\" \/>\n<meta name=\"robots\" content=\"index, follow, max-snippet:-1, max-image-preview:large, max-video-preview:-1\" \/>\n<link rel=\"canonical\" href=\"https:\/\/nuyttentranslations.com\/nl\/\" \/>\n<meta property=\"og:locale\" content=\"nl_NL\" \/>\n<meta property=\"og:type\" content=\"article\" \/>\n<meta property=\"og:title\" content=\"Home\" \/>\n<meta property=\"og:description\" content=\"Uw discrete bondgenoot voor kwaliteitsvolle documenten vertaald naar het Nederlands, Frans, Engels en Spaans. Contacteer me voor meer informatie!\" \/>\n<meta property=\"og:url\" content=\"https:\/\/nuyttentranslations.com\/nl\/\" \/>\n<meta property=\"og:site_name\" content=\"Nuytten Legal Translations\" \/>\n<meta property=\"article:modified_time\" content=\"2025-12-17T09:58:31+00:00\" \/>\n<meta property=\"og:image\" content=\"https:\/\/nuyttentranslations.com\/wp-content\/uploads\/2026\/04\/nuyttenttranslations_logo.webp\" \/>\n\t<meta property=\"og:image:width\" content=\"1007\" \/>\n\t<meta property=\"og:image:height\" content=\"598\" \/>\n\t<meta property=\"og:image:type\" content=\"image\/webp\" \/>\n<meta name=\"twitter:card\" content=\"summary_large_image\" \/>\n<meta name=\"twitter:label1\" content=\"Geschatte leestijd\" \/>\n\t<meta name=\"twitter:data1\" content=\"1 minuut\" \/>\n<script type=\"application\/ld+json\" class=\"yoast-schema-graph\">{\"@context\":\"https:\\\/\\\/schema.org\",\"@graph\":[{\"@type\":\"WebPage\",\"@id\":\"https:\\\/\\\/nuyttentranslations.com\\\/nl\\\/\",\"url\":\"https:\\\/\\\/nuyttentranslations.com\\\/nl\\\/\",\"name\":\"Juridische vertalingen | Nuytten Legal Translations\",\"isPartOf\":{\"@id\":\"https:\\\/\\\/nuyttentranslations.com\\\/#website\"},\"datePublished\":\"2017-09-06T13:49:27+00:00\",\"dateModified\":\"2025-12-17T09:58:31+00:00\",\"description\":\"Uw discrete bondgenoot voor kwaliteitsvolle documenten vertaald naar het Nederlands, Frans, Engels en Spaans. Contacteer me voor meer informatie!\",\"breadcrumb\":{\"@id\":\"https:\\\/\\\/nuyttentranslations.com\\\/nl\\\/#breadcrumb\"},\"inLanguage\":\"nl-NL\",\"potentialAction\":[{\"@type\":\"ReadAction\",\"target\":[\"https:\\\/\\\/nuyttentranslations.com\\\/nl\\\/\"]}]},{\"@type\":\"BreadcrumbList\",\"@id\":\"https:\\\/\\\/nuyttentranslations.com\\\/nl\\\/#breadcrumb\",\"itemListElement\":[{\"@type\":\"ListItem\",\"position\":1,\"name\":\"Home\",\"item\":\"https:\\\/\\\/nuyttentranslations.com\\\/nl\\\/\"},{\"@type\":\"ListItem\",\"position\":2,\"name\":\"Home\"}]},{\"@type\":\"WebSite\",\"@id\":\"https:\\\/\\\/nuyttentranslations.com\\\/#website\",\"url\":\"https:\\\/\\\/nuyttentranslations.com\\\/\",\"name\":\"Nuytten Legal Translations\",\"description\":\"\",\"publisher\":{\"@id\":\"https:\\\/\\\/nuyttentranslations.com\\\/#organization\"},\"potentialAction\":[{\"@type\":\"SearchAction\",\"target\":{\"@type\":\"EntryPoint\",\"urlTemplate\":\"https:\\\/\\\/nuyttentranslations.com\\\/?s={search_term_string}\"},\"query-input\":{\"@type\":\"PropertyValueSpecification\",\"valueRequired\":true,\"valueName\":\"search_term_string\"}}],\"inLanguage\":\"nl-NL\"},{\"@type\":\"Organization\",\"@id\":\"https:\\\/\\\/nuyttentranslations.com\\\/#organization\",\"name\":\"Nuytten Legal Translations\",\"url\":\"https:\\\/\\\/nuyttentranslations.com\\\/\",\"logo\":{\"@type\":\"ImageObject\",\"inLanguage\":\"nl-NL\",\"@id\":\"https:\\\/\\\/nuyttentranslations.com\\\/#\\\/schema\\\/logo\\\/image\\\/\",\"url\":\"https:\\\/\\\/nuyttentranslations.com\\\/wp-content\\\/uploads\\\/2017\\\/08\\\/jn-logo-dark330-1.png\",\"contentUrl\":\"https:\\\/\\\/nuyttentranslations.com\\\/wp-content\\\/uploads\\\/2017\\\/08\\\/jn-logo-dark330-1.png\",\"width\":330,\"height\":196,\"caption\":\"Nuytten Legal Translations\"},\"image\":{\"@id\":\"https:\\\/\\\/nuyttentranslations.com\\\/#\\\/schema\\\/logo\\\/image\\\/\"},\"sameAs\":[\"https:\\\/\\\/www.linkedin.com\\\/in\\\/jokefjnuytten\\\/\"],\"description\":\"Sworn Legal Translator NL-FR-ES-EN | Helping Expats, Notaries & Law Firms with Certified Translations of Legal & Official Documents during European Business Hours\",\"email\":\"info@nuyttentranslations.com\",\"telephone\":\"+32474896732\",\"legalName\":\"Nuytten Legal Translations\"}]}<\/script>\n<!-- \/ Yoast SEO Premium plugin. -->","yoast_head_json":{"title":"Juridische vertalingen | Nuytten Legal Translations","description":"Uw discrete bondgenoot voor kwaliteitsvolle documenten vertaald naar het Nederlands, Frans, Engels en Spaans. Contacteer me voor meer informatie!","robots":{"index":"index","follow":"follow","max-snippet":"max-snippet:-1","max-image-preview":"max-image-preview:large","max-video-preview":"max-video-preview:-1"},"canonical":"https:\/\/nuyttentranslations.com\/nl\/","og_locale":"nl_NL","og_type":"article","og_title":"Home","og_description":"Uw discrete bondgenoot voor kwaliteitsvolle documenten vertaald naar het Nederlands, Frans, Engels en Spaans. Contacteer me voor meer informatie!","og_url":"https:\/\/nuyttentranslations.com\/nl\/","og_site_name":"Nuytten Legal Translations","article_modified_time":"2025-12-17T09:58:31+00:00","og_image":[{"width":1007,"height":598,"url":"https:\/\/nuyttentranslations.com\/wp-content\/uploads\/2026\/04\/nuyttenttranslations_logo.webp","type":"image\/webp"}],"twitter_card":"summary_large_image","twitter_misc":{"Geschatte leestijd":"1 minuut"},"schema":{"@context":"https:\/\/schema.org","@graph":[{"@type":"WebPage","@id":"https:\/\/nuyttentranslations.com\/nl\/","url":"https:\/\/nuyttentranslations.com\/nl\/","name":"Juridische vertalingen | Nuytten Legal Translations","isPartOf":{"@id":"https:\/\/nuyttentranslations.com\/#website"},"datePublished":"2017-09-06T13:49:27+00:00","dateModified":"2025-12-17T09:58:31+00:00","description":"Uw discrete bondgenoot voor kwaliteitsvolle documenten vertaald naar het Nederlands, Frans, Engels en Spaans. Contacteer me voor meer informatie!","breadcrumb":{"@id":"https:\/\/nuyttentranslations.com\/nl\/#breadcrumb"},"inLanguage":"nl-NL","potentialAction":[{"@type":"ReadAction","target":["https:\/\/nuyttentranslations.com\/nl\/"]}]},{"@type":"BreadcrumbList","@id":"https:\/\/nuyttentranslations.com\/nl\/#breadcrumb","itemListElement":[{"@type":"ListItem","position":1,"name":"Home","item":"https:\/\/nuyttentranslations.com\/nl\/"},{"@type":"ListItem","position":2,"name":"Home"}]},{"@type":"WebSite","@id":"https:\/\/nuyttentranslations.com\/#website","url":"https:\/\/nuyttentranslations.com\/","name":"Nuytten Legal Translations","description":"","publisher":{"@id":"https:\/\/nuyttentranslations.com\/#organization"},"potentialAction":[{"@type":"SearchAction","target":{"@type":"EntryPoint","urlTemplate":"https:\/\/nuyttentranslations.com\/?s={search_term_string}"},"query-input":{"@type":"PropertyValueSpecification","valueRequired":true,"valueName":"search_term_string"}}],"inLanguage":"nl-NL"},{"@type":"Organization","@id":"https:\/\/nuyttentranslations.com\/#organization","name":"Nuytten Legal Translations","url":"https:\/\/nuyttentranslations.com\/","logo":{"@type":"ImageObject","inLanguage":"nl-NL","@id":"https:\/\/nuyttentranslations.com\/#\/schema\/logo\/image\/","url":"https:\/\/nuyttentranslations.com\/wp-content\/uploads\/2017\/08\/jn-logo-dark330-1.png","contentUrl":"https:\/\/nuyttentranslations.com\/wp-content\/uploads\/2017\/08\/jn-logo-dark330-1.png","width":330,"height":196,"caption":"Nuytten Legal Translations"},"image":{"@id":"https:\/\/nuyttentranslations.com\/#\/schema\/logo\/image\/"},"sameAs":["https:\/\/www.linkedin.com\/in\/jokefjnuytten\/"],"description":"Sworn Legal Translator NL-FR-ES-EN | Helping Expats, Notaries & Law Firms with Certified Translations of Legal & Official Documents during European Business Hours","email":"info@nuyttentranslations.com","telephone":"+32474896732","legalName":"Nuytten Legal Translations"}]}},"jetpack_sharing_enabled":true,"_links":{"self":[{"href":"https:\/\/nuyttentranslations.com\/nl\/wp-json\/wp\/v2\/pages\/866","targetHints":{"allow":["GET"]}}],"collection":[{"href":"https:\/\/nuyttentranslations.com\/nl\/wp-json\/wp\/v2\/pages"}],"about":[{"href":"https:\/\/nuyttentranslations.com\/nl\/wp-json\/wp\/v2\/types\/page"}],"author":[{"embeddable":true,"href":"https:\/\/nuyttentranslations.com\/nl\/wp-json\/wp\/v2\/users\/1"}],"replies":[{"embeddable":true,"href":"https:\/\/nuyttentranslations.com\/nl\/wp-json\/wp\/v2\/comments?post=866"}],"version-history":[{"count":5,"href":"https:\/\/nuyttentranslations.com\/nl\/wp-json\/wp\/v2\/pages\/866\/revisions"}],"predecessor-version":[{"id":1377,"href":"https:\/\/nuyttentranslations.com\/nl\/wp-json\/wp\/v2\/pages\/866\/revisions\/1377"}],"wp:attachment":[{"href":"https:\/\/nuyttentranslations.com\/nl\/wp-json\/wp\/v2\/media?parent=866"}],"curies":[{"name":"wp","href":"https:\/\/api.w.org\/{rel}","templated":true}]}}